{"id":9026,"date":"2022-10-26T07:37:10","date_gmt":"2022-10-26T07:37:10","guid":{"rendered":"https:\/\/www.qmet.com.tr\/?page_id=9026"},"modified":"2022-10-26T07:37:10","modified_gmt":"2022-10-26T07:37:10","slug":"js130-nc-dn25-40","status":"publish","type":"page","link":"https:\/\/www.qmet.com.tr\/en\/js130-nc-dn25-40\/","title":{"rendered":"JS130-NC (DN25-40)"},"content":{"rendered":"<div class=\"wpb-content-wrapper\"><p>[vc_row][vc_column]<div class=\"porto-u-heading  wpb_custom_95aa9a11c17ad45cfabaf210d84ee7cc porto-u-4189\"><div class=\"porto-u-main-heading\"><h2  >JS130-NC (DN25-40)<\/h2><\/div><style>.porto-u-4189.porto-u-heading{text-align:center}<\/style><\/div>[\/vc_column][\/vc_row][vc_row][vc_column][vc_single_image image=&#8221;8882&#8243; img_size=&#8221;medium&#8221; alignment=&#8221;center&#8221; label=&#8221;&#8221;][\/vc_column][\/vc_row][vc_row][vc_column][vc_column_text]Tek h\u00fczmeli mekanik \u0131s\u0131 sayac\u0131 ak\u0131\u015f sens\u00f6r\u00fc<span class=\"Apple-converted-space\">\u00a0<\/span><\/p>\n<ul>\n<li>D\u00fc\u015f\u00fck minimum ak\u0131\u015f<\/li>\n<li>Kolay okunabilir g\u00f6sterge<\/li>\n<li>Hermetik g\u00f6sterge<\/li>\n<li>Numerat\u00f6r kasas\u0131n\u0131n 360<sup>0 <\/sup>fazla d\u00f6nmesini engelleyen kilit<\/li>\n<li>Manyetik etkenlere kar\u015f\u0131 diren\u00e7li<\/li>\n<li>Y\u00fcksek g\u00fcvenirlilikte okumalar<\/li>\n<\/ul>\n<p>\u00d6l\u00e7\u00fcm Aral\u0131\u011f\u0131 (MID-AT)<span class=\"Apple-converted-space\">\u00a0<\/span><\/p>\n<p>JS90-NC range: qi \/qp = 1:50 &#8211; Dikey; 1:25 &#8211; Yatay<\/p>\n<p>JS130-NC range: qi \/qp = 1:50 &#8211; Dikey; 1:10 &#8211; Yatay<\/p>\n<p>&nbsp;<\/p>\n<p>[G\u00f6rsel Alan\u0131]<\/p>\n<p>&nbsp;[\/vc_column_text][\/vc_column][\/vc_row]<\/p>\n<\/div>","protected":false},"excerpt":{"rendered":"<p>[vc_row][vc_column][\/vc_column][\/vc_row][vc_row][vc_column][vc_single_image image=&#8221;8882&#8243; img_size=&#8221;medium&#8221; alignment=&#8221;center&#8221; label=&#8221;&#8221;][\/vc_column][\/vc_row][vc_row][vc_column][vc_column_text]Tek h\u00fczmeli mekanik \u0131s\u0131 sayac\u0131 ak\u0131\u015f sens\u00f6r\u00fc\u00a0 D\u00fc\u015f\u00fck minimum ak\u0131\u015f Kolay okunabilir g\u00f6sterge Hermetik g\u00f6sterge Numerat\u00f6r kasas\u0131n\u0131n 3600 fazla d\u00f6nmesini engelleyen kilit Manyetik etkenlere kar\u015f\u0131 diren\u00e7li Y\u00fcksek g\u00fcvenirlilikte okumalar \u00d6l\u00e7\u00fcm Aral\u0131\u011f\u0131 (MID-AT)\u00a0 JS90-NC range: qi \/qp = 1:50 &#8211; Dikey; 1:25 &#8211; Yatay JS130-NC range: qi \/qp = 1:50 &#8211; Dikey; [&hellip;]<\/p>\n","protected":false},"author":1,"featured_media":0,"parent":0,"menu_order":0,"comment_status":"closed","ping_status":"closed","template":"","meta":{"footnotes":"","_joinchat":[]},"yoast_head":"<!-- This site is optimized with the Yoast SEO plugin v22.0 - https:\/\/yoast.com\/wordpress\/plugins\/seo\/ -->\n<title>JS130-NC (DN25-40) - QMET Smart Metering Technologies<\/title>\n<meta name=\"description\" content=\"JS130-NC (DN25-40) \u00fcr\u00fcn\u00fc ve Qmet hakk\u0131nda daha fazla bilgi al\u0131n. Web sitemizi \u015fimdi ziyaret edin.\" \/>\n<meta name=\"robots\" content=\"index, follow, max-snippet:-1, max-image-preview:large, max-video-preview:-1\" \/>\n<link rel=\"canonical\" href=\"https:\/\/www.qmet.com.tr\/en\/js130-nc-dn25-40\/\" \/>\n<meta property=\"og:locale\" content=\"en_US\" \/>\n<meta property=\"og:type\" content=\"article\" \/>\n<meta property=\"og:title\" content=\"JS130-NC (DN25-40) - QMET Smart Metering Technologies\" \/>\n<meta property=\"og:description\" content=\"JS130-NC (DN25-40) \u00fcr\u00fcn\u00fc ve Qmet hakk\u0131nda daha fazla bilgi al\u0131n. Web sitemizi \u015fimdi ziyaret edin.\" \/>\n<meta property=\"og:url\" content=\"https:\/\/www.qmet.com.tr\/en\/js130-nc-dn25-40\/\" \/>\n<meta property=\"og:site_name\" content=\"QMET Smart Metering Technologies\" \/>\n<meta name=\"twitter:card\" content=\"summary_large_image\" \/>\n<script type=\"application\/ld+json\" class=\"yoast-schema-graph\">{\"@context\":\"https:\/\/schema.org\",\"@graph\":[{\"@type\":\"WebPage\",\"@id\":\"https:\/\/www.qmet.com.tr\/en\/js130-nc-dn25-40\/\",\"url\":\"https:\/\/www.qmet.com.tr\/en\/js130-nc-dn25-40\/\",\"name\":\"JS130-NC (DN25-40) - QMET Smart Metering Technologies\",\"isPartOf\":{\"@id\":\"https:\/\/www.qmet.com.tr\/en\/#website\"},\"datePublished\":\"2022-10-26T07:37:10+00:00\",\"dateModified\":\"2022-10-26T07:37:10+00:00\",\"description\":\"JS130-NC (DN25-40) \u00fcr\u00fcn\u00fc ve Qmet hakk\u0131nda daha fazla bilgi al\u0131n. Web sitemizi \u015fimdi ziyaret edin.\",\"breadcrumb\":{\"@id\":\"https:\/\/www.qmet.com.tr\/en\/js130-nc-dn25-40\/#breadcrumb\"},\"inLanguage\":\"en-US\",\"potentialAction\":[{\"@type\":\"ReadAction\",\"target\":[\"https:\/\/www.qmet.com.tr\/en\/js130-nc-dn25-40\/\"]}]},{\"@type\":\"BreadcrumbList\",\"@id\":\"https:\/\/www.qmet.com.tr\/en\/js130-nc-dn25-40\/#breadcrumb\",\"itemListElement\":[{\"@type\":\"ListItem\",\"position\":1,\"name\":\"Anasayfa\",\"item\":\"https:\/\/www.qmet.com.tr\/en\/\"},{\"@type\":\"ListItem\",\"position\":2,\"name\":\"JS130-NC (DN25-40)\"}]},{\"@type\":\"WebSite\",\"@id\":\"https:\/\/www.qmet.com.tr\/en\/#website\",\"url\":\"https:\/\/www.qmet.com.tr\/en\/\",\"name\":\"QMET Smart Metering Technologies\",\"description\":\"Welcome to Qmet.\",\"potentialAction\":[{\"@type\":\"SearchAction\",\"target\":{\"@type\":\"EntryPoint\",\"urlTemplate\":\"https:\/\/www.qmet.com.tr\/en\/?s={search_term_string}\"},\"query-input\":\"required name=search_term_string\"}],\"inLanguage\":\"en-US\"}]}<\/script>\n<!-- \/ Yoast SEO plugin. -->","yoast_head_json":{"title":"JS130-NC (DN25-40) - QMET Smart Metering Technologies","description":"JS130-NC (DN25-40) \u00fcr\u00fcn\u00fc ve Qmet hakk\u0131nda daha fazla bilgi al\u0131n. Web sitemizi \u015fimdi ziyaret edin.","robots":{"index":"index","follow":"follow","max-snippet":"max-snippet:-1","max-image-preview":"max-image-preview:large","max-video-preview":"max-video-preview:-1"},"canonical":"https:\/\/www.qmet.com.tr\/en\/js130-nc-dn25-40\/","og_locale":"en_US","og_type":"article","og_title":"JS130-NC (DN25-40) - QMET Smart Metering Technologies","og_description":"JS130-NC (DN25-40) \u00fcr\u00fcn\u00fc ve Qmet hakk\u0131nda daha fazla bilgi al\u0131n. Web sitemizi \u015fimdi ziyaret edin.","og_url":"https:\/\/www.qmet.com.tr\/en\/js130-nc-dn25-40\/","og_site_name":"QMET Smart Metering Technologies","twitter_card":"summary_large_image","schema":{"@context":"https:\/\/schema.org","@graph":[{"@type":"WebPage","@id":"https:\/\/www.qmet.com.tr\/en\/js130-nc-dn25-40\/","url":"https:\/\/www.qmet.com.tr\/en\/js130-nc-dn25-40\/","name":"JS130-NC (DN25-40) - QMET Smart Metering Technologies","isPartOf":{"@id":"https:\/\/www.qmet.com.tr\/en\/#website"},"datePublished":"2022-10-26T07:37:10+00:00","dateModified":"2022-10-26T07:37:10+00:00","description":"JS130-NC (DN25-40) \u00fcr\u00fcn\u00fc ve Qmet hakk\u0131nda daha fazla bilgi al\u0131n. Web sitemizi \u015fimdi ziyaret edin.","breadcrumb":{"@id":"https:\/\/www.qmet.com.tr\/en\/js130-nc-dn25-40\/#breadcrumb"},"inLanguage":"en-US","potentialAction":[{"@type":"ReadAction","target":["https:\/\/www.qmet.com.tr\/en\/js130-nc-dn25-40\/"]}]},{"@type":"BreadcrumbList","@id":"https:\/\/www.qmet.com.tr\/en\/js130-nc-dn25-40\/#breadcrumb","itemListElement":[{"@type":"ListItem","position":1,"name":"Anasayfa","item":"https:\/\/www.qmet.com.tr\/en\/"},{"@type":"ListItem","position":2,"name":"JS130-NC (DN25-40)"}]},{"@type":"WebSite","@id":"https:\/\/www.qmet.com.tr\/en\/#website","url":"https:\/\/www.qmet.com.tr\/en\/","name":"QMET Smart Metering Technologies","description":"Welcome to Qmet.","potentialAction":[{"@type":"SearchAction","target":{"@type":"EntryPoint","urlTemplate":"https:\/\/www.qmet.com.tr\/en\/?s={search_term_string}"},"query-input":"required name=search_term_string"}],"inLanguage":"en-US"}]}},"_links":{"self":[{"href":"https:\/\/www.qmet.com.tr\/en\/wp-json\/wp\/v2\/pages\/9026"}],"collection":[{"href":"https:\/\/www.qmet.com.tr\/en\/wp-json\/wp\/v2\/pages"}],"about":[{"href":"https:\/\/www.qmet.com.tr\/en\/wp-json\/wp\/v2\/types\/page"}],"author":[{"embeddable":true,"href":"https:\/\/www.qmet.com.tr\/en\/wp-json\/wp\/v2\/users\/1"}],"replies":[{"embeddable":true,"href":"https:\/\/www.qmet.com.tr\/en\/wp-json\/wp\/v2\/comments?post=9026"}],"version-history":[{"count":0,"href":"https:\/\/www.qmet.com.tr\/en\/wp-json\/wp\/v2\/pages\/9026\/revisions"}],"wp:attachment":[{"href":"https:\/\/www.qmet.com.tr\/en\/wp-json\/wp\/v2\/media?parent=9026"}],"curies":[{"name":"wp","href":"https:\/\/api.w.org\/{rel}","templated":true}]}}