{"id":8937,"date":"2022-10-11T11:13:59","date_gmt":"2022-10-11T11:13:59","guid":{"rendered":"https:\/\/www.qmet.com.tr\/?page_id=8937"},"modified":"2022-11-29T11:56:35","modified_gmt":"2022-11-29T08:56:35","slug":"mwn130-nc-2","status":"publish","type":"page","link":"https:\/\/www.qmet.com.tr\/en\/mwn130-nc-2\/","title":{"rendered":"MWN130-NC (DN40\u2013300)"},"content":{"rendered":"<div class=\"wpb-content-wrapper\"><p>[vc_row][vc_column]<div class=\"porto-u-heading  wpb_custom_95aa9a11c17ad45cfabaf210d84ee7cc porto-u-9834\"><div class=\"porto-u-main-heading\"><h2 data-plugin-animated-letters data-plugin-options=\"{&quot;startDelay&quot;:0,&quot;minWindowWidth&quot;:0,&quot;animationName&quot;:&quot;fadeIn&quot;}\" >MWN130-NC (DN40\u2013300)<\/h2><\/div><style>.porto-u-9834.porto-u-heading{text-align:center}<\/style><\/div>[\/vc_column][\/vc_row][vc_row][vc_column][vc_single_image image=&#8221;8867&#8243; img_size=&#8221;medium&#8221; alignment=&#8221;center&#8221;][\/vc_column][\/vc_row][vc_row][\/vc_row][vc_column][\/vc_column][vc_column_text]MWN130-NC (DN40\u2013300)<\/p>\n<p>Propeller flow sensor with horizontal rotor axis<\/p>\n<ul>\n<li>Removable measuring panel<\/li>\n<li>Readings reliability<\/li>\n<li>Wide measuring range and low starting rate<\/li>\n<li>Indicator-barrel counter in hermetic cover<\/li>\n<li>Resistance against the external magnetic field<\/li>\n<li>Counter mechanism with blockade against multiple rotating, at rotation angle more than 360\u00b0<\/li>\n<\/ul>\n<p>MWN 130-NC is a propeller flow sensor intended for integration with an indicating calculator of a heat meter. The propeller flow sensor can be applied in water metering systems with the medium temperature between 0.1\u00b0C and 130\u00b0C and a maximum operating pressure of the medium at 16 bars (PN 16). The propeller flow sensor can be installed in horizontal piping (H) with the counter upward or in vertical or tilted piping (V) with the counter to the side \u2014 or at any orientation in between the two (H\/V) \u2014 of heat supply systems at multi-family houses or industrial facilities.<\/p>\n<p>Measurement range (MID):<\/p>\n<ul>\n<li>MWN130-NC (DN40-200)\u00a0 q<sub>i<\/sub>\/q<sub>p\u00a0<\/sub>=1:25 -H\/V<\/li>\n<li>MWN130-NC (DN250-300) q<sub>i<\/sub>\/q<sub>p\u00a0<\/sub>=1:10 -H\/V<\/li>\n<\/ul>\n<p>ADVANTAGES<span class=\"Apple-converted-space\">\u00a0<\/span><\/p>\n<p>Economy: \u2013 Wide measurement range with a low starting threshold \u2013 Protection against tampering with EM fields (magnetic shielding), mechanical tampering (counter security cover) and multiple rotations of the counter by more than 360\u00b0<span class=\"Apple-converted-space\">\u00a0<\/span><\/p>\n<p>Convenience of use: \u2013 Easy installation \u2013 Modular design<span class=\"Apple-converted-space\">\u00a0<\/span><\/p>\n<p>Reliability: \u2013 Robust, heavy-duty design \u2013 Unified interchangeable metering unit \u2013 High anti-corrosive and damage resistance performance of the paint coat (made by epoxy powder coating) KEY FEATURES<span class=\"Apple-converted-space\">\u00a0<\/span><\/p>\n<ul>\n<li>Wide measurement range with a low starting threshold<span class=\"Apple-converted-space\">\u00a0<\/span><\/li>\n<li>Hard propeller bearings<span class=\"Apple-converted-space\">\u00a0<\/span><\/li>\n<li>Environmental class C<span class=\"Apple-converted-space\">\u00a0<\/span><\/li>\n<li>Hermetically sealed dial and barrel counter<\/li>\n<li>Counter mechanism rotation lock at 360\u00b0 of turn<span class=\"Apple-converted-space\">\u00a0<\/span><\/li>\n<li>Easy reading by freely rotating the counter at any orientation<span class=\"Apple-converted-space\">\u00a0<\/span><\/li>\n<li>Resistant to external magnetic fields<span class=\"Apple-converted-space\">\u00a0<\/span><\/li>\n<li>Low pressure loss<\/li>\n<\/ul>\n<p>MID: Directive 2004\/22\/EC of the European Parliament and of the Council of 31 March 2004 on the harmonisation of the laws of the Member States relating to the making available on the market of measuring instruments<span class=\"Apple-converted-space\">\u00a0<\/span><\/p>\n<p>EN 1434-1:2007 Heat meters, Parts 1-6<span class=\"Apple-converted-space\">\u00a0<\/span><\/p>\n<p><span class=\"Apple-converted-space\">\u00a0<\/span>OIML R 75:2002 and OIML R 75:2006 Heat meters, Parts 1-3<span class=\"Apple-converted-space\">\u00a0<\/span><\/p>\n<p><span class=\"Apple-converted-space\">\u00a0<\/span>EC type examination certificate no. SK 11-MI004-SMU001<span class=\"Apple-converted-space\">\u00a0<\/span><\/p>\n<p>Classification of environmental, climate and mechanical conditions: Class B (ref. PN-EN 14154-3:2005:A1)<span class=\"Apple-converted-space\">\u00a0<\/span><\/p>\n<p><span class=\"Apple-converted-space\">\u00a0<\/span>Classification of mechanical environment conditions: Class M1 (ref. Polish Regulation Dz.U. 2006.12.18)<span class=\"Apple-converted-space\">\u00a0<\/span><\/p>\n<p>Classification of electromagnetic environment conditions: Class E1 (ref. Polish Regulation Dz.U. 2006.12.18)[\/vc_column_text]<\/p>\n<\/div>","protected":false},"excerpt":{"rendered":"<p>[vc_row][vc_column][\/vc_column][\/vc_row][vc_row][vc_column][vc_single_image image=&#8221;8867&#8243; img_size=&#8221;medium&#8221; alignment=&#8221;center&#8221;][\/vc_column][\/vc_row][vc_row][\/vc_row][vc_column][\/vc_column][vc_column_text]MWN130-NC (DN40\u2013300) Propeller flow sensor with horizontal rotor axis Removable measuring panel Readings reliability Wide measuring range and low starting rate Indicator-barrel counter in hermetic cover Resistance against the external magnetic field Counter mechanism with blockade against multiple rotating, at rotation angle more than 360\u00b0 MWN 130-NC is a propeller flow sensor [&hellip;]<\/p>\n","protected":false},"author":1,"featured_media":0,"parent":0,"menu_order":0,"comment_status":"closed","ping_status":"closed","template":"","meta":{"footnotes":"","_joinchat":[]},"yoast_head":"<!-- This site is optimized with the Yoast SEO plugin v22.0 - https:\/\/yoast.com\/wordpress\/plugins\/seo\/ -->\n<title>MWN130-NC (DN40\u2013300) - QMET Smart Metering Technologies<\/title>\n<meta name=\"description\" content=\"Qmet MWN130-NC ile size ak\u0131ll\u0131 \u00e7\u00f6z\u00fcmler sunmaktad\u0131r. Daha fazla bilgi i\u00e7in sayfam\u0131z\u0131 ziyaret edin.\" \/>\n<meta name=\"robots\" content=\"index, follow, max-snippet:-1, max-image-preview:large, max-video-preview:-1\" \/>\n<link rel=\"canonical\" href=\"https:\/\/www.qmet.com.tr\/en\/mwn130-nc-2\/\" \/>\n<meta property=\"og:locale\" content=\"en_US\" \/>\n<meta property=\"og:type\" content=\"article\" \/>\n<meta property=\"og:title\" content=\"MWN130-NC (DN40\u2013300) - QMET Smart Metering Technologies\" \/>\n<meta property=\"og:description\" content=\"Qmet MWN130-NC ile size ak\u0131ll\u0131 \u00e7\u00f6z\u00fcmler sunmaktad\u0131r. Daha fazla bilgi i\u00e7in sayfam\u0131z\u0131 ziyaret edin.\" \/>\n<meta property=\"og:url\" content=\"https:\/\/www.qmet.com.tr\/en\/mwn130-nc-2\/\" \/>\n<meta property=\"og:site_name\" content=\"QMET Smart Metering Technologies\" \/>\n<meta property=\"article:modified_time\" content=\"2022-11-29T08:56:35+00:00\" \/>\n<meta name=\"twitter:card\" content=\"summary_large_image\" \/>\n<meta name=\"twitter:label1\" content=\"Est. reading time\" \/>\n\t<meta name=\"twitter:data1\" content=\"2 minutes\" \/>\n<script type=\"application\/ld+json\" class=\"yoast-schema-graph\">{\"@context\":\"https:\/\/schema.org\",\"@graph\":[{\"@type\":\"WebPage\",\"@id\":\"https:\/\/www.qmet.com.tr\/en\/mwn130-nc-2\/\",\"url\":\"https:\/\/www.qmet.com.tr\/en\/mwn130-nc-2\/\",\"name\":\"MWN130-NC (DN40\u2013300) - QMET Smart Metering Technologies\",\"isPartOf\":{\"@id\":\"https:\/\/www.qmet.com.tr\/en\/#website\"},\"datePublished\":\"2022-10-11T11:13:59+00:00\",\"dateModified\":\"2022-11-29T08:56:35+00:00\",\"description\":\"Qmet MWN130-NC ile size ak\u0131ll\u0131 \u00e7\u00f6z\u00fcmler sunmaktad\u0131r. Daha fazla bilgi i\u00e7in sayfam\u0131z\u0131 ziyaret edin.\",\"breadcrumb\":{\"@id\":\"https:\/\/www.qmet.com.tr\/en\/mwn130-nc-2\/#breadcrumb\"},\"inLanguage\":\"en-US\",\"potentialAction\":[{\"@type\":\"ReadAction\",\"target\":[\"https:\/\/www.qmet.com.tr\/en\/mwn130-nc-2\/\"]}]},{\"@type\":\"BreadcrumbList\",\"@id\":\"https:\/\/www.qmet.com.tr\/en\/mwn130-nc-2\/#breadcrumb\",\"itemListElement\":[{\"@type\":\"ListItem\",\"position\":1,\"name\":\"Anasayfa\",\"item\":\"https:\/\/www.qmet.com.tr\/en\/\"},{\"@type\":\"ListItem\",\"position\":2,\"name\":\"MWN130-NC (DN40\u2013300)\"}]},{\"@type\":\"WebSite\",\"@id\":\"https:\/\/www.qmet.com.tr\/en\/#website\",\"url\":\"https:\/\/www.qmet.com.tr\/en\/\",\"name\":\"QMET Smart Metering Technologies\",\"description\":\"Welcome to Qmet.\",\"potentialAction\":[{\"@type\":\"SearchAction\",\"target\":{\"@type\":\"EntryPoint\",\"urlTemplate\":\"https:\/\/www.qmet.com.tr\/en\/?s={search_term_string}\"},\"query-input\":\"required name=search_term_string\"}],\"inLanguage\":\"en-US\"}]}<\/script>\n<!-- \/ Yoast SEO plugin. -->","yoast_head_json":{"title":"MWN130-NC (DN40\u2013300) - QMET Smart Metering Technologies","description":"Qmet MWN130-NC ile size ak\u0131ll\u0131 \u00e7\u00f6z\u00fcmler sunmaktad\u0131r. Daha fazla bilgi i\u00e7in sayfam\u0131z\u0131 ziyaret edin.","robots":{"index":"index","follow":"follow","max-snippet":"max-snippet:-1","max-image-preview":"max-image-preview:large","max-video-preview":"max-video-preview:-1"},"canonical":"https:\/\/www.qmet.com.tr\/en\/mwn130-nc-2\/","og_locale":"en_US","og_type":"article","og_title":"MWN130-NC (DN40\u2013300) - QMET Smart Metering Technologies","og_description":"Qmet MWN130-NC ile size ak\u0131ll\u0131 \u00e7\u00f6z\u00fcmler sunmaktad\u0131r. Daha fazla bilgi i\u00e7in sayfam\u0131z\u0131 ziyaret edin.","og_url":"https:\/\/www.qmet.com.tr\/en\/mwn130-nc-2\/","og_site_name":"QMET Smart Metering Technologies","article_modified_time":"2022-11-29T08:56:35+00:00","twitter_card":"summary_large_image","twitter_misc":{"Est. reading time":"2 minutes"},"schema":{"@context":"https:\/\/schema.org","@graph":[{"@type":"WebPage","@id":"https:\/\/www.qmet.com.tr\/en\/mwn130-nc-2\/","url":"https:\/\/www.qmet.com.tr\/en\/mwn130-nc-2\/","name":"MWN130-NC (DN40\u2013300) - QMET Smart Metering Technologies","isPartOf":{"@id":"https:\/\/www.qmet.com.tr\/en\/#website"},"datePublished":"2022-10-11T11:13:59+00:00","dateModified":"2022-11-29T08:56:35+00:00","description":"Qmet MWN130-NC ile size ak\u0131ll\u0131 \u00e7\u00f6z\u00fcmler sunmaktad\u0131r. Daha fazla bilgi i\u00e7in sayfam\u0131z\u0131 ziyaret edin.","breadcrumb":{"@id":"https:\/\/www.qmet.com.tr\/en\/mwn130-nc-2\/#breadcrumb"},"inLanguage":"en-US","potentialAction":[{"@type":"ReadAction","target":["https:\/\/www.qmet.com.tr\/en\/mwn130-nc-2\/"]}]},{"@type":"BreadcrumbList","@id":"https:\/\/www.qmet.com.tr\/en\/mwn130-nc-2\/#breadcrumb","itemListElement":[{"@type":"ListItem","position":1,"name":"Anasayfa","item":"https:\/\/www.qmet.com.tr\/en\/"},{"@type":"ListItem","position":2,"name":"MWN130-NC (DN40\u2013300)"}]},{"@type":"WebSite","@id":"https:\/\/www.qmet.com.tr\/en\/#website","url":"https:\/\/www.qmet.com.tr\/en\/","name":"QMET Smart Metering Technologies","description":"Welcome to Qmet.","potentialAction":[{"@type":"SearchAction","target":{"@type":"EntryPoint","urlTemplate":"https:\/\/www.qmet.com.tr\/en\/?s={search_term_string}"},"query-input":"required name=search_term_string"}],"inLanguage":"en-US"}]}},"_links":{"self":[{"href":"https:\/\/www.qmet.com.tr\/en\/wp-json\/wp\/v2\/pages\/8937"}],"collection":[{"href":"https:\/\/www.qmet.com.tr\/en\/wp-json\/wp\/v2\/pages"}],"about":[{"href":"https:\/\/www.qmet.com.tr\/en\/wp-json\/wp\/v2\/types\/page"}],"author":[{"embeddable":true,"href":"https:\/\/www.qmet.com.tr\/en\/wp-json\/wp\/v2\/users\/1"}],"replies":[{"embeddable":true,"href":"https:\/\/www.qmet.com.tr\/en\/wp-json\/wp\/v2\/comments?post=8937"}],"version-history":[{"count":0,"href":"https:\/\/www.qmet.com.tr\/en\/wp-json\/wp\/v2\/pages\/8937\/revisions"}],"wp:attachment":[{"href":"https:\/\/www.qmet.com.tr\/en\/wp-json\/wp\/v2\/media?parent=8937"}],"curies":[{"name":"wp","href":"https:\/\/api.w.org\/{rel}","templated":true}]}}