{"id":143,"date":"2016-06-20T07:48:11","date_gmt":"2016-06-20T07:48:11","guid":{"rendered":"http:\/\/sw-themes.com\/porto_dummy\/?page_id=143"},"modified":"2025-11-29T18:36:45","modified_gmt":"2025-11-29T15:36:45","slug":"qmet-2","status":"publish","type":"page","link":"https:\/\/www.qmet.com.tr\/en\/","title":{"rendered":"Ana Sayfa"},"content":{"rendered":"<div class=\"wpb-content-wrapper\"><p>[vc_row wrap_container=&#8221;yes&#8221; el_class=&#8221;p-t-xxl&#8221;][vc_column width=&#8221;5\/6&#8243; animation_duration=&#8221;&#8221; offset=&#8221;vc_col-sm-offset-1&#8243;]<h2 class=\"word-rotator slide\" style=\"text-align:center;\" data-plugin-options=\"{'waittime': 2500, 'pauseOnHover': false}\"><span class=\"word-rotate-prefix\" style=\"\">Q <\/span> <span class=\"word-rotator-items has-bg\" style=\"color:#ffffff;background:#2295d8;\"><b class=\"active\">INNOVATION<\/b><b>QUALITY<\/b><b>TRUST<\/b><\/span><\/h2>[vc_column_text css_animation=&#8221;none&#8221; el_class=&#8221;featured lead&#8221;]QMET Elektronik Sanayi ve Ticaret A.S.\u00a0was established in 2021, aiming to become a leading company globally, with its 20 years of experienced staff in the manufacture, after-sales services, import and export of smart metering instruments and data acquisition devices<\/p>\n<p>Our primary goal is to produce or be a distributor of cost optimized and accurate utility meters. Meantime providing a high skill after-sales service for the heating industry and providing high accuracy smart meters to the end user by examining them through our intense quality management processes that was created with 20 years of experience.<\/p>\n<p>QMET Elektronik Sanayi ve Ticaret A.S.has agreed partnership with Apator S.A. in 2022. In addition, QMET carries out joint studies with QLAB company on the quality management of the products and the pre-sales measurement accuracy tests of products at QLAB.[\/vc_column_text][\/vc_column][\/vc_row][vc_row wrap_container=&#8221;yes&#8221; content_placement=&#8221;middle&#8221; is_section=&#8221;yes&#8221; remove_border=&#8221;yes&#8221; css=&#8221;.vc_custom_1659355964020{margin-bottom: 50px !important;padding-top: 0px !important;padding-bottom: 53px !important;background-color: #ffffff !important;}&#8221; el_class=&#8221;noice-section&#8221; conditional_render=&#8221;%5B%7B%22value_role%22%3A%22administrator%22%7D%5D&#8221;][vc_column offset=&#8221;vc_col-md-6&#8243; el_class=&#8221;mb-5 mb-lg-0 mt-5 mt-lg-0&#8243;][vc_single_image image=&#8221;10738&#8243; img_size=&#8221;full&#8221; alignment=&#8221;center&#8221; animation_delay=&#8221;400&#8243; el_class=&#8221;mb-0 text-lg-left&#8221;][\/vc_column][vc_column offset=&#8221;vc_col-md-6&#8243;][vc_custom_heading text=&#8221;QMET&#8221; font_container=&#8221;tag:p|font_size:1.1em|text_align:left|color:%23777777|line_height:26px&#8221; use_theme_fonts=&#8221;yes&#8221; letter_spacing=&#8221;5px&#8221; animation_delay=&#8221;400&#8243; animation_type=&#8221;fadeInUp&#8221; el_class=&#8221;mb-1 mt-lg-5 mt-xl-0&#8243;][vc_custom_heading text=&#8221;Ultrasonic Heatmeter Ultrameter+&#8221; font_container=&#8221;tag:h2|font_size:2.5em|text_align:left|line_height:1.2&#8243; use_theme_fonts=&#8221;yes&#8221; font_weight=&#8221;700&#8243; letter_spacing=&#8221;-.05em&#8221; animation_duration=&#8221;&#8221; animation_delay=&#8221;&#8221; el_class=&#8221;mb-4&#8243;][vc_custom_heading text=&#8221;The working principle of the QMET Ultrameter heatmeter;<br \/>\nFlow Sensor: In district or central heating systems, it provides the calculation of the water passing through the installation in m3\/h unit to provide heating. The measuring principle is the relative velocity difference of sound transmission between the ultrasonic sensors during water flow.&#8221; font_container=&#8221;tag:p|font_size:1.35em|text_align:left|line_height:1.6&#8243; use_theme_fonts=&#8221;yes&#8221; font_weight=&#8221;700&#8243; animation_delay=&#8221;&#8221; el_class=&#8221;mb-4&#8243;][vc_custom_heading text=&#8221;Temperature Sensors: By installing on the supply and return lines on the heating system, measures the temperature difference of the heated area. Calculator: Unit that makes the thermal energy calculation with the data from flow and temperature sensors and save the accumulated consumption data.&#8221; font_container=&#8221;tag:p|font_size:1.1em|text_align:left|line_height:26px&#8221; use_theme_fonts=&#8221;yes&#8221; animation_duration=&#8221;&#8221; animation_delay=&#8221;&#8221; el_class=&#8221;mb-4 pb-3&#8243;]<div class=\"porto-animation custom-cart-wrapper\" ><div class=\"porto-btn-ctn-center \"><a class=\"porto-btn porto-adjust-bottom-margin porto-btn-normal porto-btn-fade-bg   wpb_custom_fa51088c2567b780100c1edcf8821d3b  porto-btn-center \" title='QMET ULTRAMETER' rel='' href = \"https:\/\/www.qmet.com.tr\/en\/qmet-ultrameter\/\"  data-hover=\"\" data-border-color=\"\" data-bg=\"#1e73be\" data-hover-bg=\"\" data-border-hover=\"\" data-shadow-click=\"none\" data-shadow=\"\" style=\"border:none;background: #1e73be;color: #ffffff;\"><span class=\"porto-btn-hover\"><\/span><span class=\"porto-btn-data porto-btn-text \" >Review Product<\/span><\/a><\/div><\/div>[\/vc_column][\/vc_row][vc_row wrap_container=&#8221;yes&#8221; content_placement=&#8221;middle&#8221; is_section=&#8221;yes&#8221; remove_border=&#8221;yes&#8221; css=&#8221;.vc_custom_1659355964020{margin-bottom: 50px !important;padding-top: 0px !important;padding-bottom: 53px !important;background-color: #ffffff !important;}&#8221; el_class=&#8221;noice-section&#8221; conditional_render=&#8221;%5B%7B%22value_role%22%3A%22administrator%22%7D%5D&#8221;][vc_column offset=&#8221;vc_col-md-6&#8243; el_class=&#8221;mb-5 mb-lg-0 mt-5 mt-lg-0&#8243;][vc_custom_heading text=&#8221;QMET&#8221; font_container=&#8221;tag:p|font_size:1.1em|text_align:left|color:%23777777|line_height:26px&#8221; use_theme_fonts=&#8221;yes&#8221; letter_spacing=&#8221;5px&#8221; animation_delay=&#8221;400&#8243; animation_type=&#8221;fadeInUp&#8221; el_class=&#8221;mb-1 mt-lg-5 mt-xl-0&#8243;][vc_custom_heading text=&#8221;Heat Interface Unit&#8221; font_container=&#8221;tag:h2|font_size:2.5em|text_align:left|line_height:1.2&#8243; use_theme_fonts=&#8221;yes&#8221; font_weight=&#8221;700&#8243; letter_spacing=&#8221;-.05em&#8221; animation_duration=&#8221;&#8221; animation_delay=&#8221;&#8221; el_class=&#8221;mb-4&#8243;][vc_custom_heading text=&#8221;A heat substation unit is a modular unit installed separately in each apartment of centrally heated buildings, and it prepares domestic hot water using the principle of instantaneous heating through a soldered plate heat exchanger. It also controls the apartment\u2019s heating.&#8221; font_container=&#8221;tag:p|font_size:1.35em|text_align:left|line_height:1.6&#8243; use_theme_fonts=&#8221;yes&#8221; font_weight=&#8221;700&#8243; animation_delay=&#8221;&#8221; el_class=&#8221;mb-4&#8243;][vc_custom_heading text=&#8221;With QSUB T-Series and soon-to-be-released QSUB-e IoT heat interface unit, you can have the most suitable control systems for your comfort while minimizing energy consumption and making your heating expenses sustainable.&#8221; font_container=&#8221;tag:p|font_size:1.1em|text_align:left|line_height:26px&#8221; use_theme_fonts=&#8221;yes&#8221; animation_duration=&#8221;&#8221; animation_delay=&#8221;&#8221; el_class=&#8221;mb-4 pb-3&#8243;]<div class=\"porto-animation custom-cart-wrapper\" ><div class=\"porto-btn-ctn-center \"><a class=\"porto-btn porto-adjust-bottom-margin porto-btn-normal porto-btn-fade-bg   wpb_custom_fa51088c2567b780100c1edcf8821d3b  porto-btn-center \"  rel='' href = \"https:\/\/www.qmet.com.tr\/en\/heat-substation\/\"  data-hover=\"\" data-border-color=\"\" data-bg=\"#1e73be\" data-hover-bg=\"\" data-border-hover=\"\" data-shadow-click=\"none\" data-shadow=\"\" style=\"border:none;background: #1e73be;color: #ffffff;\"><span class=\"porto-btn-hover\"><\/span><span class=\"porto-btn-data porto-btn-text \" >Review Product<\/span><\/a><\/div><\/div>[\/vc_column][vc_column offset=&#8221;vc_col-md-6&#8243;][vc_single_image image=&#8221;11125&#8243; img_size=&#8221;full&#8221; alignment=&#8221;center&#8221; style=&#8221;vc_box_circle_2&#8243; animation_delay=&#8221;400&#8243; el_class=&#8221;mb-0 text-lg-left&#8221;][\/vc_column][\/vc_row][vc_section full_width=&#8221;stretch_row_content&#8221; is_container=&#8221;true&#8221; conditional_render=&#8221;%5B%7B%22value_role%22%3A%22administrator%22%7D%5D&#8221;][vc_row][vc_column]<div class=\"porto-u-heading  wpb_custom_95aa9a11c17ad45cfabaf210d84ee7cc porto-u-3543\"><div class=\"porto-u-main-heading\"><h2 data-plugin-animated-letters data-plugin-options=\"{&quot;startDelay&quot;:0,&quot;minWindowWidth&quot;:0,&quot;animationName&quot;:&quot;fadeIn&quot;}\" >Our Products<\/h2><\/div><style>.porto-u-3543.porto-u-heading{text-align:center}<\/style><\/div>[vc_row_inner][vc_column_inner width=&#8221;1\/4&#8243;][vc_single_image image=&#8221;8362&#8243; img_size=&#8221;large&#8221; add_caption=&#8221;yes&#8221;][\/vc_column_inner][vc_column_inner width=&#8221;1\/4&#8243;][vc_custom_heading text=&#8221;WATER METERS&#8221; font_container=&#8221;tag:h2|text_align:center|color:%23182b61&#8243; use_theme_fonts=&#8221;yes&#8221; css=&#8221;.vc_custom_1668874278284{margin-top: 25px !important;}&#8221;][vc_separator][vc_column_text]Apator S.A., JS Smart+ model single-jet water meters, enables remote data reading and expense sharing with the desired communication interface.<\/p>\n<p>JS Smart+ series is AT (MID) type approved and closed to mechanical and electronic manipulations.<\/p>\n<p>Communication interfaces are available with Mbus, W-Mbus or Pulse output.[\/vc_column_text]<div class=\"porto-btn-ctn-center \"><a class=\"porto-btn porto-adjust-bottom-margin porto-btn-normal porto-btn-fade-bg   wpb_custom_fa51088c2567b780100c1edcf8821d3b  porto-btn-center \" title='SU SAYA\u00c7LARI' rel='' href = \"https:\/\/www.qmet.com.tr\/en\/water-meters\/\"  data-hover=\"\" data-border-color=\"\" data-bg=\"#1e73be\" data-hover-bg=\"\" data-border-hover=\"\" data-shadow-click=\"none\" data-shadow=\"\" style=\"border:none;background: #1e73be;color: #ffffff;\"><span class=\"porto-btn-hover\"><\/span><span class=\"porto-btn-data porto-btn-text \" >Review Product<\/span><\/a><\/div>[\/vc_column_inner][vc_column_inner width=&#8221;1\/4&#8243;][vc_single_image image=&#8221;8167&#8243; img_size=&#8221;large&#8221; add_caption=&#8221;yes&#8221;][\/vc_column_inner][vc_column_inner width=&#8221;1\/4&#8243;][vc_custom_heading text=&#8221;HEAT COST ALLOCATOR&#8221; font_container=&#8221;tag:h2|text_align:center|color:%23182b61&#8243; use_theme_fonts=&#8221;yes&#8221; css=&#8221;.vc_custom_1668874352757{margin-top: 25px !important;}&#8221;][vc_separator][vc_column_text]It measures the radiator and room temperature with 2 temperature sensors and calculates the amount of heat used according to the algorithms provided on EN 834 standards.<\/p>\n<p>Households are encouraged to optimize their use by allocating and billing based on consumption.[\/vc_column_text]<div class=\"porto-btn-ctn-center \"><a class=\"porto-btn porto-adjust-bottom-margin porto-btn-normal porto-btn-fade-bg   wpb_custom_fa51088c2567b780100c1edcf8821d3b  porto-btn-center \" title='ISI PAY \u00d6L\u00c7ER' rel='' href = \"https:\/\/www.qmet.com.tr\/en\/heat-cost-allocater-joyh-100\/\"  data-hover=\"\" data-border-color=\"\" data-bg=\"#1e73be\" data-hover-bg=\"\" data-border-hover=\"\" data-shadow-click=\"none\" data-shadow=\"\" style=\"border:none;background: #1e73be;color: #ffffff;\"><span class=\"porto-btn-hover\"><\/span><span class=\"porto-btn-data porto-btn-text \" >Review Product<\/span><\/a><\/div>[\/vc_column_inner][\/vc_row_inner][\/vc_column][\/vc_row][\/vc_section][vc_row animation_delay=&#8221;100&#8243; animation_type=&#8221;fadeInUp&#8221;][vc_column][\/vc_column][\/vc_row][vc_section conditional_render=&#8221;%5B%7B%22value_role%22%3A%22administrator%22%7D%5D&#8221;][vc_row wrap_container=&#8221;yes&#8221; el_class=&#8221;call-to-action-in-footer&#8221; css=&#8221;.vc_custom_1543831055944{padding-top: 100px !important;padding-bottom: 100px !important;background-color: #f7f7f7 !important;}&#8221;][vc_column][vc_cta h2=&#8221;20 years of experience in heat and water measurements, Qmet.&#8221; txt_align=&#8221;center&#8221; shape=&#8221;square&#8221; style=&#8221;flat&#8221; color=&#8221;white&#8221; add_button=&#8221;right&#8221; btn_title=&#8221;Get Offer&#8221; btn_style=&#8221;modern&#8221; btn_color=&#8221;primary&#8221; btn_size=&#8221;lg&#8221; btn_align=&#8221;center&#8221; btn_skin=&#8221;dark&#8221; btn_show_arrow=&#8221;yes&#8221; btn_el_class=&#8221;btn-call-to-action&#8221; css=&#8221;.vc_custom_1696587809412{background-color: #f7f7f7 !important;}&#8221; el_class=&#8221;mb-0&#8243; btn_link=&#8221;url:https%3A%2F%2Fwww.qmet.com.tr%2Fen%2Fget-offer%2F&#8221;]Get a quote for our products quickly![\/vc_cta][\/vc_column][\/vc_row][vc_row wrap_container=&#8221;yes&#8221; is_section=&#8221;yes&#8221; section_skin=&#8221;parallax&#8221; animation_delay=&#8221;100&#8243; animation_type=&#8221;fadeInUp&#8221;][vc_column]<div class=\"porto-recent-posts wpb_content_element  wpb_custom_8d967c2e2658a31efb9fd37ae26ff686\"><h4 class=\"wpb_heading \"><b>E-Library<\/b><\/h4>\t<div class=\"post-carousel porto-carousel owl-carousel has-ccols ccols-1 ccols-lg-2 ccols-md-2 ccols-sm-2 has-ccols-spacing\" data-plugin-options=\"{&quot;themeConfig&quot;:true,&quot;nav&quot;:false,&quot;dots&quot;:false,&quot;lg&quot;:2,&quot;md&quot;:2,&quot;sm&quot;:2,&quot;margin&quot;:30}\">\r\n\t\t<div class=\"post-slide\"><div class=\"post-item post-title-simple\">\r\n\t\t<h4><a href=\"https:\/\/www.qmet.com.tr\/en\/possible-causes-and-solutions-for-excessive-consumption-and-other-issues-in-heat-substation-existing-applications\/\">\r\n\t\tPossible Causes and Solutions for Excessive Consumption <br> and Other Issues in Heat Substation Existing Applications\t<\/a><\/h4>\r\n\t\t<div><p class=\"post-excerpt\">When there is no hot water supply, what parts, issues, and solutions should be checked in the heat substation?\r\nCheck the...  <a class=\"read-more\" href=\"https:\/\/www.qmet.com.tr\/en\/possible-causes-and-solutions-for-excessive-consumption-and-other-issues-in-heat-substation-existing-applications\/\">read more <i class=\"fas fa-angle-right\"><\/i><\/a><\/p><\/div> <\/div>\r\n<\/div><div class=\"post-slide\"><div class=\"post-item post-title-simple\">\r\n\t\t<h4><a href=\"https:\/\/www.qmet.com.tr\/en\/what-are-the-key-components-and-instruments-that-make-up-heat-interface-unit-or-substation-what-should-you-pay-attention-to\/\">\r\n\t\tWhat are the Key Components and Instruments that <br> Make Up Heat Interface Unit or Substation? What Should You Pay Attention to?\t<\/a><\/h4>\r\n\t\t<div><p class=\"post-excerpt\">&nbsp;\r\n\r\nA Heat Station, also known as a District Heating Substation or a Hot Water Station, plays a crucial role in...  <a class=\"read-more\" href=\"https:\/\/www.qmet.com.tr\/en\/what-are-the-key-components-and-instruments-that-make-up-heat-interface-unit-or-substation-what-should-you-pay-attention-to\/\">read more <i class=\"fas fa-angle-right\"><\/i><\/a><\/p><\/div> <\/div>\r\n<\/div><div class=\"post-slide\"><div class=\"post-item post-title-simple\">\r\n\t\t<h4><a href=\"https:\/\/www.qmet.com.tr\/en\/thermostatic-valve-trv\/\">\r\n\t\tThermostatic Valve | TRV\t<\/a><\/h4>\r\n\t\t<div><p class=\"post-excerpt\">Thermostatic valves are installation products that are located on the radiator and allow you to control the room temperature. In...  <a class=\"read-more\" href=\"https:\/\/www.qmet.com.tr\/en\/thermostatic-valve-trv\/\">read more <i class=\"fas fa-angle-right\"><\/i><\/a><\/p><\/div> <\/div>\r\n<\/div>\t<\/div>\r\n\t<\/div>[\/vc_column][\/vc_row][\/vc_section][vc_section bottom_divider_type=&#8221;slant&#8221; bottom_divider_flip=&#8221;true&#8221; bottom_divider_invert=&#8221;true&#8221; bottom_divider_color=&#8221;#1e73be&#8221; bottom_divider_height=&#8221;200px&#8221; css=&#8221;.vc_custom_1658489004347{padding-top: 100px !important;}&#8221;][\/vc_section]<\/p>\n<\/div>","protected":false},"excerpt":{"rendered":"<p>[vc_row wrap_container=&#8221;yes&#8221; el_class=&#8221;p-t-xxl&#8221;][vc_column width=&#8221;5\/6&#8243; animation_duration=&#8221;&#8221; offset=&#8221;vc_col-sm-offset-1&#8243;][vc_column_text css_animation=&#8221;none&#8221; el_class=&#8221;featured lead&#8221;]QMET Elektronik Sanayi ve Ticaret A.S.\u00a0was established in 2021, aiming to become a leading company globally, with its 20 years of experienced staff in the manufacture, after-sales services, import and export of smart metering instruments and data acquisition devices Our primary goal is to produce or be [&hellip;]<\/p>\n","protected":false},"author":1,"featured_media":0,"parent":0,"menu_order":0,"comment_status":"closed","ping_status":"closed","template":"","meta":{"footnotes":"","_joinchat":[]},"yoast_head":"<!-- This site is optimized with the Yoast SEO plugin v22.0 - https:\/\/yoast.com\/wordpress\/plugins\/seo\/ -->\n<title>QMET Smart Meter Technologies | Welcome<\/title>\n<meta name=\"description\" content=\"Qmet, ak\u0131ll\u0131 \u00f6l\u00e7\u00fcm aletleri ve veri toplama cihazlar\u0131n\u0131n imalat\u0131, sat\u0131\u015f\u0131, ithalat ve ihracat\u0131 konusunda 20 y\u0131ll\u0131k bir deneyim sunar.\" \/>\n<meta name=\"robots\" content=\"index, follow, max-snippet:-1, max-image-preview:large, max-video-preview:-1\" \/>\n<link rel=\"canonical\" href=\"https:\/\/www.qmet.com.tr\/en\/\" \/>\n<meta property=\"og:locale\" content=\"en_US\" \/>\n<meta property=\"og:type\" content=\"article\" \/>\n<meta property=\"og:title\" content=\"QMET Smart Meter Technologies | Welcome\" \/>\n<meta property=\"og:description\" content=\"Qmet, ak\u0131ll\u0131 \u00f6l\u00e7\u00fcm aletleri ve veri toplama cihazlar\u0131n\u0131n imalat\u0131, sat\u0131\u015f\u0131, ithalat ve ihracat\u0131 konusunda 20 y\u0131ll\u0131k bir deneyim sunar.\" \/>\n<meta property=\"og:url\" content=\"https:\/\/www.qmet.com.tr\/en\/\" \/>\n<meta property=\"og:site_name\" content=\"QMET Smart Metering Technologies\" \/>\n<meta property=\"article:modified_time\" content=\"2025-11-29T15:36:45+00:00\" \/>\n<meta name=\"twitter:card\" content=\"summary_large_image\" \/>\n<meta name=\"twitter:label1\" content=\"Est. reading time\" \/>\n\t<meta name=\"twitter:data1\" content=\"4 minutes\" \/>\n<script type=\"application\/ld+json\" class=\"yoast-schema-graph\">{\"@context\":\"https:\/\/schema.org\",\"@graph\":[{\"@type\":\"WebPage\",\"@id\":\"https:\/\/www.qmet.com.tr\/en\/\",\"url\":\"https:\/\/www.qmet.com.tr\/en\/\",\"name\":\"QMET Smart Meter Technologies | Welcome\",\"isPartOf\":{\"@id\":\"https:\/\/www.qmet.com.tr\/en\/#website\"},\"datePublished\":\"2016-06-20T07:48:11+00:00\",\"dateModified\":\"2025-11-29T15:36:45+00:00\",\"description\":\"Qmet, ak\u0131ll\u0131 \u00f6l\u00e7\u00fcm aletleri ve veri toplama cihazlar\u0131n\u0131n imalat\u0131, sat\u0131\u015f\u0131, ithalat ve ihracat\u0131 konusunda 20 y\u0131ll\u0131k bir deneyim sunar.\",\"breadcrumb\":{\"@id\":\"https:\/\/www.qmet.com.tr\/en\/#breadcrumb\"},\"inLanguage\":\"en-US\",\"potentialAction\":[{\"@type\":\"ReadAction\",\"target\":[\"https:\/\/www.qmet.com.tr\/en\/\"]}]},{\"@type\":\"BreadcrumbList\",\"@id\":\"https:\/\/www.qmet.com.tr\/en\/#breadcrumb\",\"itemListElement\":[{\"@type\":\"ListItem\",\"position\":1,\"name\":\"Anasayfa\",\"item\":\"https:\/\/www.qmet.com.tr\/en\/\"},{\"@type\":\"ListItem\",\"position\":2,\"name\":\"Ana Sayfa\"}]},{\"@type\":\"WebSite\",\"@id\":\"https:\/\/www.qmet.com.tr\/en\/#website\",\"url\":\"https:\/\/www.qmet.com.tr\/en\/\",\"name\":\"QMET Smart Metering Technologies\",\"description\":\"Welcome to Qmet.\",\"potentialAction\":[{\"@type\":\"SearchAction\",\"target\":{\"@type\":\"EntryPoint\",\"urlTemplate\":\"https:\/\/www.qmet.com.tr\/en\/?s={search_term_string}\"},\"query-input\":\"required name=search_term_string\"}],\"inLanguage\":\"en-US\"}]}<\/script>\n<!-- \/ Yoast SEO plugin. -->","yoast_head_json":{"title":"QMET Smart Meter Technologies | Welcome","description":"Qmet, ak\u0131ll\u0131 \u00f6l\u00e7\u00fcm aletleri ve veri toplama cihazlar\u0131n\u0131n imalat\u0131, sat\u0131\u015f\u0131, ithalat ve ihracat\u0131 konusunda 20 y\u0131ll\u0131k bir deneyim sunar.","robots":{"index":"index","follow":"follow","max-snippet":"max-snippet:-1","max-image-preview":"max-image-preview:large","max-video-preview":"max-video-preview:-1"},"canonical":"https:\/\/www.qmet.com.tr\/en\/","og_locale":"en_US","og_type":"article","og_title":"QMET Smart Meter Technologies | Welcome","og_description":"Qmet, ak\u0131ll\u0131 \u00f6l\u00e7\u00fcm aletleri ve veri toplama cihazlar\u0131n\u0131n imalat\u0131, sat\u0131\u015f\u0131, ithalat ve ihracat\u0131 konusunda 20 y\u0131ll\u0131k bir deneyim sunar.","og_url":"https:\/\/www.qmet.com.tr\/en\/","og_site_name":"QMET Smart Metering Technologies","article_modified_time":"2025-11-29T15:36:45+00:00","twitter_card":"summary_large_image","twitter_misc":{"Est. reading time":"4 minutes"},"schema":{"@context":"https:\/\/schema.org","@graph":[{"@type":"WebPage","@id":"https:\/\/www.qmet.com.tr\/en\/","url":"https:\/\/www.qmet.com.tr\/en\/","name":"QMET Smart Meter Technologies | Welcome","isPartOf":{"@id":"https:\/\/www.qmet.com.tr\/en\/#website"},"datePublished":"2016-06-20T07:48:11+00:00","dateModified":"2025-11-29T15:36:45+00:00","description":"Qmet, ak\u0131ll\u0131 \u00f6l\u00e7\u00fcm aletleri ve veri toplama cihazlar\u0131n\u0131n imalat\u0131, sat\u0131\u015f\u0131, ithalat ve ihracat\u0131 konusunda 20 y\u0131ll\u0131k bir deneyim sunar.","breadcrumb":{"@id":"https:\/\/www.qmet.com.tr\/en\/#breadcrumb"},"inLanguage":"en-US","potentialAction":[{"@type":"ReadAction","target":["https:\/\/www.qmet.com.tr\/en\/"]}]},{"@type":"BreadcrumbList","@id":"https:\/\/www.qmet.com.tr\/en\/#breadcrumb","itemListElement":[{"@type":"ListItem","position":1,"name":"Anasayfa","item":"https:\/\/www.qmet.com.tr\/en\/"},{"@type":"ListItem","position":2,"name":"Ana Sayfa"}]},{"@type":"WebSite","@id":"https:\/\/www.qmet.com.tr\/en\/#website","url":"https:\/\/www.qmet.com.tr\/en\/","name":"QMET Smart Metering Technologies","description":"Welcome to Qmet.","potentialAction":[{"@type":"SearchAction","target":{"@type":"EntryPoint","urlTemplate":"https:\/\/www.qmet.com.tr\/en\/?s={search_term_string}"},"query-input":"required name=search_term_string"}],"inLanguage":"en-US"}]}},"_links":{"self":[{"href":"https:\/\/www.qmet.com.tr\/en\/wp-json\/wp\/v2\/pages\/143"}],"collection":[{"href":"https:\/\/www.qmet.com.tr\/en\/wp-json\/wp\/v2\/pages"}],"about":[{"href":"https:\/\/www.qmet.com.tr\/en\/wp-json\/wp\/v2\/types\/page"}],"author":[{"embeddable":true,"href":"https:\/\/www.qmet.com.tr\/en\/wp-json\/wp\/v2\/users\/1"}],"replies":[{"embeddable":true,"href":"https:\/\/www.qmet.com.tr\/en\/wp-json\/wp\/v2\/comments?post=143"}],"version-history":[{"count":3,"href":"https:\/\/www.qmet.com.tr\/en\/wp-json\/wp\/v2\/pages\/143\/revisions"}],"predecessor-version":[{"id":11178,"href":"https:\/\/www.qmet.com.tr\/en\/wp-json\/wp\/v2\/pages\/143\/revisions\/11178"}],"wp:attachment":[{"href":"https:\/\/www.qmet.com.tr\/en\/wp-json\/wp\/v2\/media?parent=143"}],"curies":[{"name":"wp","href":"https:\/\/api.w.org\/{rel}","templated":true}]}}