{"id":10505,"date":"2024-02-23T12:44:04","date_gmt":"2024-02-23T12:44:04","guid":{"rendered":"https:\/\/www.qmet.com.tr\/?page_id=10505"},"modified":"2024-02-24T13:53:39","modified_gmt":"2024-02-24T10:53:39","slug":"wm-bus-module","status":"publish","type":"page","link":"https:\/\/www.qmet.com.tr\/en\/wm-bus-module\/","title":{"rendered":"WM-Bus Module"},"content":{"rendered":"<div class=\"wpb-content-wrapper\"><p>[vc_row][vc_column][\/vc_column][\/vc_row][vc_row][vc_column][vc_single_image image=&#8221;11051&#8243; img_size=&#8221;large&#8221; alignment=&#8221;center&#8221; label=&#8221;&#8221;][\/vc_column][\/vc_row][vc_row][vc_column][vc_column_text]<\/p>\n<p class=\"p1\"><strong>Product features<\/strong><\/p>\n<ul class=\"ul1\">\n<li class=\"li1\">Easy and quick configuration with mobile devices<\/li>\n<li class=\"li1\">Storing and reading the volume data from 1 to 16 months<\/li>\n<li class=\"li1\">Three selectable operating profiles of the RF module to adjust the data transmission schedule and interval as required by the user<\/li>\n<li class=\"li1\">Detection, logging and indication of water usage abnormalities and RF module performance abnormalities<\/li>\n<li class=\"li1\">Supports an external antenna for a greater RF range (applies to AT-WMBUS-16-2-1)<\/li>\n<li class=\"li1\">Lithium battery, 3.6 V \u00bd AA veya AA 10 years battery life<\/li>\n<li class=\"li1\">IP 65 \/ IP 68 protection optional<\/li>\n<\/ul>\n<p>[\/vc_column_text][\/vc_column][\/vc_row][vc_row][vc_column][\/vc_column][\/vc_row]<\/p>\n<\/div>","protected":false},"excerpt":{"rendered":"<p>[vc_row][vc_column][\/vc_column][\/vc_row][vc_row][vc_column][vc_single_image image=&#8221;11051&#8243; img_size=&#8221;large&#8221; alignment=&#8221;center&#8221; label=&#8221;&#8221;][\/vc_column][\/vc_row][vc_row][vc_column][vc_column_text] Product features Easy and quick configuration with mobile devices Storing and reading the volume data from 1 to 16 months Three selectable operating profiles of the RF module to adjust the data transmission schedule and interval as required by the user Detection, logging and indication of water usage abnormalities and [&hellip;]<\/p>\n","protected":false},"author":1,"featured_media":0,"parent":0,"menu_order":0,"comment_status":"closed","ping_status":"closed","template":"","meta":{"footnotes":"","_joinchat":[]},"yoast_head":"<!-- This site is optimized with the Yoast SEO plugin v22.0 - https:\/\/yoast.com\/wordpress\/plugins\/seo\/ -->\n<title>WM-Bus Module - QMET Smart Metering Technologies<\/title>\n<meta name=\"description\" content=\"SensoStar C \u00fcr\u00fcn\u00fc ve Qmet hakk\u0131nda daha fazla bilgi al\u0131n. Web sitemizi \u015fimdi ziyaret edin.\" \/>\n<meta name=\"robots\" content=\"index, follow, max-snippet:-1, max-image-preview:large, max-video-preview:-1\" \/>\n<link rel=\"canonical\" href=\"https:\/\/www.qmet.com.tr\/en\/wm-bus-module\/\" \/>\n<meta property=\"og:locale\" content=\"en_US\" \/>\n<meta property=\"og:type\" content=\"article\" \/>\n<meta property=\"og:title\" content=\"WM-Bus Module - QMET Smart Metering Technologies\" \/>\n<meta property=\"og:description\" content=\"SensoStar C \u00fcr\u00fcn\u00fc ve Qmet hakk\u0131nda daha fazla bilgi al\u0131n. Web sitemizi \u015fimdi ziyaret edin.\" \/>\n<meta property=\"og:url\" content=\"https:\/\/www.qmet.com.tr\/en\/wm-bus-module\/\" \/>\n<meta property=\"og:site_name\" content=\"QMET Smart Metering Technologies\" \/>\n<meta property=\"article:modified_time\" content=\"2024-02-24T10:53:39+00:00\" \/>\n<meta name=\"twitter:card\" content=\"summary_large_image\" \/>\n<meta name=\"twitter:label1\" content=\"Est. reading time\" \/>\n\t<meta name=\"twitter:data1\" content=\"1 minute\" \/>\n<script type=\"application\/ld+json\" class=\"yoast-schema-graph\">{\"@context\":\"https:\/\/schema.org\",\"@graph\":[{\"@type\":\"WebPage\",\"@id\":\"https:\/\/www.qmet.com.tr\/en\/wm-bus-module\/\",\"url\":\"https:\/\/www.qmet.com.tr\/en\/wm-bus-module\/\",\"name\":\"WM-Bus Module - QMET Smart Metering Technologies\",\"isPartOf\":{\"@id\":\"https:\/\/www.qmet.com.tr\/en\/#website\"},\"datePublished\":\"2024-02-23T12:44:04+00:00\",\"dateModified\":\"2024-02-24T10:53:39+00:00\",\"description\":\"SensoStar C \u00fcr\u00fcn\u00fc ve Qmet hakk\u0131nda daha fazla bilgi al\u0131n. Web sitemizi \u015fimdi ziyaret edin.\",\"breadcrumb\":{\"@id\":\"https:\/\/www.qmet.com.tr\/en\/wm-bus-module\/#breadcrumb\"},\"inLanguage\":\"en-US\",\"potentialAction\":[{\"@type\":\"ReadAction\",\"target\":[\"https:\/\/www.qmet.com.tr\/en\/wm-bus-module\/\"]}]},{\"@type\":\"BreadcrumbList\",\"@id\":\"https:\/\/www.qmet.com.tr\/en\/wm-bus-module\/#breadcrumb\",\"itemListElement\":[{\"@type\":\"ListItem\",\"position\":1,\"name\":\"Anasayfa\",\"item\":\"https:\/\/www.qmet.com.tr\/en\/\"},{\"@type\":\"ListItem\",\"position\":2,\"name\":\"WM-Bus Module\"}]},{\"@type\":\"WebSite\",\"@id\":\"https:\/\/www.qmet.com.tr\/en\/#website\",\"url\":\"https:\/\/www.qmet.com.tr\/en\/\",\"name\":\"QMET Smart Metering Technologies\",\"description\":\"Welcome to Qmet.\",\"potentialAction\":[{\"@type\":\"SearchAction\",\"target\":{\"@type\":\"EntryPoint\",\"urlTemplate\":\"https:\/\/www.qmet.com.tr\/en\/?s={search_term_string}\"},\"query-input\":\"required name=search_term_string\"}],\"inLanguage\":\"en-US\"}]}<\/script>\n<!-- \/ Yoast SEO plugin. -->","yoast_head_json":{"title":"WM-Bus Module - QMET Smart Metering Technologies","description":"SensoStar C \u00fcr\u00fcn\u00fc ve Qmet hakk\u0131nda daha fazla bilgi al\u0131n. Web sitemizi \u015fimdi ziyaret edin.","robots":{"index":"index","follow":"follow","max-snippet":"max-snippet:-1","max-image-preview":"max-image-preview:large","max-video-preview":"max-video-preview:-1"},"canonical":"https:\/\/www.qmet.com.tr\/en\/wm-bus-module\/","og_locale":"en_US","og_type":"article","og_title":"WM-Bus Module - QMET Smart Metering Technologies","og_description":"SensoStar C \u00fcr\u00fcn\u00fc ve Qmet hakk\u0131nda daha fazla bilgi al\u0131n. Web sitemizi \u015fimdi ziyaret edin.","og_url":"https:\/\/www.qmet.com.tr\/en\/wm-bus-module\/","og_site_name":"QMET Smart Metering Technologies","article_modified_time":"2024-02-24T10:53:39+00:00","twitter_card":"summary_large_image","twitter_misc":{"Est. reading time":"1 minute"},"schema":{"@context":"https:\/\/schema.org","@graph":[{"@type":"WebPage","@id":"https:\/\/www.qmet.com.tr\/en\/wm-bus-module\/","url":"https:\/\/www.qmet.com.tr\/en\/wm-bus-module\/","name":"WM-Bus Module - QMET Smart Metering Technologies","isPartOf":{"@id":"https:\/\/www.qmet.com.tr\/en\/#website"},"datePublished":"2024-02-23T12:44:04+00:00","dateModified":"2024-02-24T10:53:39+00:00","description":"SensoStar C \u00fcr\u00fcn\u00fc ve Qmet hakk\u0131nda daha fazla bilgi al\u0131n. Web sitemizi \u015fimdi ziyaret edin.","breadcrumb":{"@id":"https:\/\/www.qmet.com.tr\/en\/wm-bus-module\/#breadcrumb"},"inLanguage":"en-US","potentialAction":[{"@type":"ReadAction","target":["https:\/\/www.qmet.com.tr\/en\/wm-bus-module\/"]}]},{"@type":"BreadcrumbList","@id":"https:\/\/www.qmet.com.tr\/en\/wm-bus-module\/#breadcrumb","itemListElement":[{"@type":"ListItem","position":1,"name":"Anasayfa","item":"https:\/\/www.qmet.com.tr\/en\/"},{"@type":"ListItem","position":2,"name":"WM-Bus Module"}]},{"@type":"WebSite","@id":"https:\/\/www.qmet.com.tr\/en\/#website","url":"https:\/\/www.qmet.com.tr\/en\/","name":"QMET Smart Metering Technologies","description":"Welcome to Qmet.","potentialAction":[{"@type":"SearchAction","target":{"@type":"EntryPoint","urlTemplate":"https:\/\/www.qmet.com.tr\/en\/?s={search_term_string}"},"query-input":"required name=search_term_string"}],"inLanguage":"en-US"}]}},"_links":{"self":[{"href":"https:\/\/www.qmet.com.tr\/en\/wp-json\/wp\/v2\/pages\/10505"}],"collection":[{"href":"https:\/\/www.qmet.com.tr\/en\/wp-json\/wp\/v2\/pages"}],"about":[{"href":"https:\/\/www.qmet.com.tr\/en\/wp-json\/wp\/v2\/types\/page"}],"author":[{"embeddable":true,"href":"https:\/\/www.qmet.com.tr\/en\/wp-json\/wp\/v2\/users\/1"}],"replies":[{"embeddable":true,"href":"https:\/\/www.qmet.com.tr\/en\/wp-json\/wp\/v2\/comments?post=10505"}],"version-history":[{"count":1,"href":"https:\/\/www.qmet.com.tr\/en\/wp-json\/wp\/v2\/pages\/10505\/revisions"}],"predecessor-version":[{"id":11075,"href":"https:\/\/www.qmet.com.tr\/en\/wp-json\/wp\/v2\/pages\/10505\/revisions\/11075"}],"wp:attachment":[{"href":"https:\/\/www.qmet.com.tr\/en\/wp-json\/wp\/v2\/media?parent=10505"}],"curies":[{"name":"wp","href":"https:\/\/api.w.org\/{rel}","templated":true}]}}