{"id":10486,"date":"2024-02-23T12:03:52","date_gmt":"2024-02-23T12:03:52","guid":{"rendered":"https:\/\/www.qmet.com.tr\/?page_id=10486"},"modified":"2024-02-24T12:42:25","modified_gmt":"2024-02-24T09:42:25","slug":"js-smart-dn15-20","status":"publish","type":"page","link":"https:\/\/www.qmet.com.tr\/en\/js-smart-dn15-20\/","title":{"rendered":"JS Smart + DN15-20"},"content":{"rendered":"<div class=\"wpb-content-wrapper\"><p>[vc_row][vc_column][\/vc_column][\/vc_row][vc_row][vc_column][vc_single_image image=&#8221;11053&#8243; img_size=&#8221;large&#8221; alignment=&#8221;center&#8221; label=&#8221;&#8221;][\/vc_column][\/vc_row][vc_row][vc_column][vc_column_text]<\/p>\n<p class=\"p1\"><strong>Product features<\/strong><\/p>\n<ul class=\"ul1\">\n<li class=\"li1\">SN+: strong external EM fields immunity exceeds the standard requirements<\/li>\n<li class=\"li1\">Pre-equipped for optional data communication modules<\/li>\n<li class=\"li1\">Reliable readings in compliance with the latest MID requirements<\/li>\n<li class=\"li1\">Easy counter reading<\/li>\n<li class=\"li1\">Fogging-resistant hermetical counter (by increased sealing)<\/li>\n<li class=\"li1\">Counter mechanism rotation lock of 358\u00b0<\/li>\n<li class=\"li1\">External mechanical tamper protection<\/li>\n<li class=\"li1\">Frost-damage protection<\/li>\n<li class=\"li1\">Water meter outlet end pre-equipped for an optional check valve<\/li>\n<li class=\"li1\">Double-sided rotor bearings<\/li>\n<\/ul>\n<p>[\/vc_column_text][\/vc_column][\/vc_row][vc_row][vc_column][vc_single_image image=&#8221;11059&#8243; img_size=&#8221;full&#8221; label=&#8221;&#8221;][\/vc_column][\/vc_row]<\/p>\n<\/div>","protected":false},"excerpt":{"rendered":"<p>[vc_row][vc_column][\/vc_column][\/vc_row][vc_row][vc_column][vc_single_image image=&#8221;11053&#8243; img_size=&#8221;large&#8221; alignment=&#8221;center&#8221; label=&#8221;&#8221;][\/vc_column][\/vc_row][vc_row][vc_column][vc_column_text] Product features SN+: strong external EM fields immunity exceeds the standard requirements Pre-equipped for optional data communication modules Reliable readings in compliance with the latest MID requirements Easy counter reading Fogging-resistant hermetical counter (by increased sealing) Counter mechanism rotation lock of 358\u00b0 External mechanical tamper protection Frost-damage protection Water meter [&hellip;]<\/p>\n","protected":false},"author":1,"featured_media":0,"parent":0,"menu_order":0,"comment_status":"closed","ping_status":"closed","template":"","meta":{"footnotes":"","_joinchat":[]},"yoast_head":"<!-- This site is optimized with the Yoast SEO plugin v22.0 - https:\/\/yoast.com\/wordpress\/plugins\/seo\/ -->\n<title>JS Smart + DN15-20 - QMET Smart Metering Technologies<\/title>\n<meta name=\"description\" content=\"SensoStar C \u00fcr\u00fcn\u00fc ve Qmet hakk\u0131nda daha fazla bilgi al\u0131n. Web sitemizi \u015fimdi ziyaret edin.\" \/>\n<meta name=\"robots\" content=\"index, follow, max-snippet:-1, max-image-preview:large, max-video-preview:-1\" \/>\n<link rel=\"canonical\" href=\"https:\/\/www.qmet.com.tr\/en\/js-smart-dn15-20\/\" \/>\n<meta property=\"og:locale\" content=\"en_US\" \/>\n<meta property=\"og:type\" content=\"article\" \/>\n<meta property=\"og:title\" content=\"JS Smart + DN15-20 - QMET Smart Metering Technologies\" \/>\n<meta property=\"og:description\" content=\"SensoStar C \u00fcr\u00fcn\u00fc ve Qmet hakk\u0131nda daha fazla bilgi al\u0131n. Web sitemizi \u015fimdi ziyaret edin.\" \/>\n<meta property=\"og:url\" content=\"https:\/\/www.qmet.com.tr\/en\/js-smart-dn15-20\/\" \/>\n<meta property=\"og:site_name\" content=\"QMET Smart Metering Technologies\" \/>\n<meta property=\"article:modified_time\" content=\"2024-02-24T09:42:25+00:00\" \/>\n<meta name=\"twitter:card\" content=\"summary_large_image\" \/>\n<meta name=\"twitter:label1\" content=\"Est. reading time\" \/>\n\t<meta name=\"twitter:data1\" content=\"1 minute\" \/>\n<script type=\"application\/ld+json\" class=\"yoast-schema-graph\">{\"@context\":\"https:\/\/schema.org\",\"@graph\":[{\"@type\":\"WebPage\",\"@id\":\"https:\/\/www.qmet.com.tr\/en\/js-smart-dn15-20\/\",\"url\":\"https:\/\/www.qmet.com.tr\/en\/js-smart-dn15-20\/\",\"name\":\"JS Smart + DN15-20 - QMET Smart Metering Technologies\",\"isPartOf\":{\"@id\":\"https:\/\/www.qmet.com.tr\/en\/#website\"},\"datePublished\":\"2024-02-23T12:03:52+00:00\",\"dateModified\":\"2024-02-24T09:42:25+00:00\",\"description\":\"SensoStar C \u00fcr\u00fcn\u00fc ve Qmet hakk\u0131nda daha fazla bilgi al\u0131n. Web sitemizi \u015fimdi ziyaret edin.\",\"breadcrumb\":{\"@id\":\"https:\/\/www.qmet.com.tr\/en\/js-smart-dn15-20\/#breadcrumb\"},\"inLanguage\":\"en-US\",\"potentialAction\":[{\"@type\":\"ReadAction\",\"target\":[\"https:\/\/www.qmet.com.tr\/en\/js-smart-dn15-20\/\"]}]},{\"@type\":\"BreadcrumbList\",\"@id\":\"https:\/\/www.qmet.com.tr\/en\/js-smart-dn15-20\/#breadcrumb\",\"itemListElement\":[{\"@type\":\"ListItem\",\"position\":1,\"name\":\"Anasayfa\",\"item\":\"https:\/\/www.qmet.com.tr\/en\/\"},{\"@type\":\"ListItem\",\"position\":2,\"name\":\"JS Smart + DN15-20\"}]},{\"@type\":\"WebSite\",\"@id\":\"https:\/\/www.qmet.com.tr\/en\/#website\",\"url\":\"https:\/\/www.qmet.com.tr\/en\/\",\"name\":\"QMET Smart Metering Technologies\",\"description\":\"Welcome to Qmet.\",\"potentialAction\":[{\"@type\":\"SearchAction\",\"target\":{\"@type\":\"EntryPoint\",\"urlTemplate\":\"https:\/\/www.qmet.com.tr\/en\/?s={search_term_string}\"},\"query-input\":\"required name=search_term_string\"}],\"inLanguage\":\"en-US\"}]}<\/script>\n<!-- \/ Yoast SEO plugin. -->","yoast_head_json":{"title":"JS Smart + DN15-20 - QMET Smart Metering Technologies","description":"SensoStar C \u00fcr\u00fcn\u00fc ve Qmet hakk\u0131nda daha fazla bilgi al\u0131n. Web sitemizi \u015fimdi ziyaret edin.","robots":{"index":"index","follow":"follow","max-snippet":"max-snippet:-1","max-image-preview":"max-image-preview:large","max-video-preview":"max-video-preview:-1"},"canonical":"https:\/\/www.qmet.com.tr\/en\/js-smart-dn15-20\/","og_locale":"en_US","og_type":"article","og_title":"JS Smart + DN15-20 - QMET Smart Metering Technologies","og_description":"SensoStar C \u00fcr\u00fcn\u00fc ve Qmet hakk\u0131nda daha fazla bilgi al\u0131n. Web sitemizi \u015fimdi ziyaret edin.","og_url":"https:\/\/www.qmet.com.tr\/en\/js-smart-dn15-20\/","og_site_name":"QMET Smart Metering Technologies","article_modified_time":"2024-02-24T09:42:25+00:00","twitter_card":"summary_large_image","twitter_misc":{"Est. reading time":"1 minute"},"schema":{"@context":"https:\/\/schema.org","@graph":[{"@type":"WebPage","@id":"https:\/\/www.qmet.com.tr\/en\/js-smart-dn15-20\/","url":"https:\/\/www.qmet.com.tr\/en\/js-smart-dn15-20\/","name":"JS Smart + DN15-20 - QMET Smart Metering Technologies","isPartOf":{"@id":"https:\/\/www.qmet.com.tr\/en\/#website"},"datePublished":"2024-02-23T12:03:52+00:00","dateModified":"2024-02-24T09:42:25+00:00","description":"SensoStar C \u00fcr\u00fcn\u00fc ve Qmet hakk\u0131nda daha fazla bilgi al\u0131n. Web sitemizi \u015fimdi ziyaret edin.","breadcrumb":{"@id":"https:\/\/www.qmet.com.tr\/en\/js-smart-dn15-20\/#breadcrumb"},"inLanguage":"en-US","potentialAction":[{"@type":"ReadAction","target":["https:\/\/www.qmet.com.tr\/en\/js-smart-dn15-20\/"]}]},{"@type":"BreadcrumbList","@id":"https:\/\/www.qmet.com.tr\/en\/js-smart-dn15-20\/#breadcrumb","itemListElement":[{"@type":"ListItem","position":1,"name":"Anasayfa","item":"https:\/\/www.qmet.com.tr\/en\/"},{"@type":"ListItem","position":2,"name":"JS Smart + DN15-20"}]},{"@type":"WebSite","@id":"https:\/\/www.qmet.com.tr\/en\/#website","url":"https:\/\/www.qmet.com.tr\/en\/","name":"QMET Smart Metering Technologies","description":"Welcome to Qmet.","potentialAction":[{"@type":"SearchAction","target":{"@type":"EntryPoint","urlTemplate":"https:\/\/www.qmet.com.tr\/en\/?s={search_term_string}"},"query-input":"required name=search_term_string"}],"inLanguage":"en-US"}]}},"_links":{"self":[{"href":"https:\/\/www.qmet.com.tr\/en\/wp-json\/wp\/v2\/pages\/10486"}],"collection":[{"href":"https:\/\/www.qmet.com.tr\/en\/wp-json\/wp\/v2\/pages"}],"about":[{"href":"https:\/\/www.qmet.com.tr\/en\/wp-json\/wp\/v2\/types\/page"}],"author":[{"embeddable":true,"href":"https:\/\/www.qmet.com.tr\/en\/wp-json\/wp\/v2\/users\/1"}],"replies":[{"embeddable":true,"href":"https:\/\/www.qmet.com.tr\/en\/wp-json\/wp\/v2\/comments?post=10486"}],"version-history":[{"count":1,"href":"https:\/\/www.qmet.com.tr\/en\/wp-json\/wp\/v2\/pages\/10486\/revisions"}],"predecessor-version":[{"id":11060,"href":"https:\/\/www.qmet.com.tr\/en\/wp-json\/wp\/v2\/pages\/10486\/revisions\/11060"}],"wp:attachment":[{"href":"https:\/\/www.qmet.com.tr\/en\/wp-json\/wp\/v2\/media?parent=10486"}],"curies":[{"name":"wp","href":"https:\/\/api.w.org\/{rel}","templated":true}]}}