{"id":10382,"date":"2023-08-12T14:22:29","date_gmt":"2023-08-12T14:22:29","guid":{"rendered":"https:\/\/www.qmet.com.tr\/?page_id=9668"},"modified":"2023-08-16T23:01:56","modified_gmt":"2023-08-16T20:01:56","slug":"qsub-ti-series","status":"publish","type":"page","link":"https:\/\/www.qmet.com.tr\/en\/qsub-ti-series\/","title":{"rendered":"QSUB Ti Series"},"content":{"rendered":"<div class=\"wpb-content-wrapper\"><p>[vc_row][vc_column width=&#8221;1\/3&#8243; text_align=&#8221;center&#8221; is_section=&#8221;yes&#8221; conditional_render=&#8221;%5B%7B%22value_role%22%3A%22administrator%22%7D%5D&#8221;]<div class=\"porto-image-frame \" data-appear-animation=\"bounceIn\"><a href=\"https:\/\/www.qmet.com.tr\/en\/qsub-ti-33\/\" title=\"QSUB-Ti 33\" target=\"_self\"><img alt=\"\" src=\"\/\/www.qmet.com.tr\/en\/wp-content\/uploads\/sites\/5\/2023\/08\/QSUB-Ti33-Render.jpg\" class=\"img-responsive img-circle\" width=\"520\" height=\"520\"><\/a><\/div>[vc_custom_heading text=&#8221;<a href = ``https:\/\/www.qmet.com.tr\/en\/qsub-ti-33``>QSUB-Ti 33<\/a>&#8221; font_container=&#8221;tag:h2|text_align:center&#8221; use_theme_fonts=&#8221;yes&#8221; link=&#8221;url:https%3A%2F%2Fwww.qmet.com.tr%2Fen%2Fqsub-ti-33%2F|title:QSUB-Ti%2033&#8243;][vc_btn title=&#8221;Learn More&#8221; style=&#8221;modern&#8221; color=&#8221;primary&#8221; link=&#8221;url:https%3A%2F%2Fwww.qmet.com.tr%2Fen%2Fqsub-ti-33%2F|title:QSUB-Ti%2033&#8243;][vc_column_text]<\/p>\n<div class=\"page\" title=\"Page 6\">\n<div class=\"layoutArea\">\n<div class=\"column\">\n<div class=\"page\" title=\"Page 8\">\n<div class=\"layoutArea\">\n<div class=\"column\">\n<p style=\"text-align: center;\"><strong>Thermostatic<\/strong> control<br \/>\n<strong>Dual<\/strong> heat exchanger<br \/>\n<strong>Indirect<\/strong> heating (compatible with all heating types)<br \/>\n<strong>Bottom-top<\/strong> connection<br \/>\n<strong>QMET<\/strong> <strong>Ultrameter+<\/strong> heat meter<\/p>\n<\/div>\n<\/div>\n<\/div>\n<\/div>\n<\/div>\n<\/div>\n<p>[\/vc_column_text][\/vc_column][vc_column width=&#8221;1\/3&#8243; text_align=&#8221;center&#8221; is_section=&#8221;yes&#8221; conditional_render=&#8221;%5B%7B%22value_role%22%3A%22administrator%22%7D%5D&#8221;]<div class=\"porto-image-frame \" data-appear-animation=\"bounceIn\"><a href=\"https:\/\/www.qmet.com.tr\/en\/qsub-ti-60\/\" title=\"QSUB \u2013 TDR60\" target=\"_self\"><img alt=\"\" src=\"\/\/www.qmet.com.tr\/en\/wp-content\/uploads\/sites\/5\/2023\/08\/QSUB-Ti60-Render.jpg\" class=\"img-responsive img-circle\" width=\"520\" height=\"520\"><\/a><\/div>[vc_custom_heading text=&#8221;QSUB-Ti 60&#8243; font_container=&#8221;tag:h2|text_align:center&#8221; use_theme_fonts=&#8221;yes&#8221; link=&#8221;url:https%3A%2F%2Fwww.qmet.com.tr%2Fen%2Fqsub-ti-60%2F|title:QSUB-Ti%2033&#8243;][vc_btn title=&#8221;Learn More&#8221; style=&#8221;modern&#8221; color=&#8221;primary&#8221; link=&#8221;url:https%3A%2F%2Fwww.qmet.com.tr%2Fen%2Fqsub-ti-60%2F&#8221;][vc_column_text]<\/p>\n<div class=\"page\" title=\"Page 6\">\n<div class=\"layoutArea\">\n<div class=\"column\">\n<div class=\"page\" title=\"Page 8\">\n<div class=\"layoutArea\">\n<div class=\"column\">\n<p style=\"text-align: center;\"><strong>Thermostatic<\/strong> control<br \/>\n<strong>Dual<\/strong> heat exchanger<br \/>\n<strong>Indirect<\/strong> heating (compatible with all heating types)<br \/>\n<strong>One way<\/strong>\u00a0connection<br \/>\n<strong>QMET<\/strong> <strong>Ultrameter+<\/strong> heat meter<\/p>\n<\/div>\n<\/div>\n<\/div>\n<\/div>\n<\/div>\n<\/div>\n<p>[\/vc_column_text][\/vc_column][vc_column width=&#8221;1\/3&#8243; text_align=&#8221;center&#8221; is_section=&#8221;yes&#8221; conditional_render=&#8221;%5B%7B%22value_role%22%3A%22administrator%22%7D%5D&#8221;]<div class=\"porto-image-frame \" data-appear-animation=\"bounceIn\"><a href=\"https:\/\/www.qmet.com.tr\/en\/qsub-ti-34\/\" title=\"QSUB-Ti 34\" target=\"_self\"><img alt=\"\" src=\"\/\/www.qmet.com.tr\/en\/wp-content\/uploads\/sites\/5\/2023\/08\/QSUB-Ti34-Render-2.jpg\" class=\"img-responsive img-circle\" width=\"520\" height=\"520\"><\/a><\/div>[vc_custom_heading text=&#8221;QSUB-Ti 34&#8243; font_container=&#8221;tag:h2|text_align:center&#8221; use_theme_fonts=&#8221;yes&#8221; link=&#8221;url:https%3A%2F%2Fwww.qmet.com.tr%2Fen%2Fqsub-ti-34%2F|title:QSUB-Ti%2034&#8243;][vc_btn title=&#8221;Learn More&#8221; style=&#8221;modern&#8221; color=&#8221;primary&#8221; link=&#8221;url:https%3A%2F%2Fwww.qmet.com.tr%2Fen%2Fqsub-ti-34%2F|title:QSUB-Ti%2034&#8243;][vc_column_text]<\/p>\n<div class=\"page\" title=\"Page 6\">\n<div class=\"layoutArea\">\n<div class=\"column\">\n<div class=\"page\" title=\"Page 8\">\n<div class=\"layoutArea\">\n<div class=\"column\">\n<p style=\"text-align: center;\"><strong>Thermostatic<\/strong> control<br \/>\n<strong>Dual<\/strong> heat exchanger<br \/>\n<strong>Indirect<\/strong> heating (compatible with all heating types)<br \/>\n<strong>Bottom-top<\/strong> connection<br \/>\n<strong>QMET Ultrameter+ <\/strong>heat meter<strong><br \/>\nApator<\/strong> water meter<\/p>\n<\/div>\n<\/div>\n<\/div>\n<\/div>\n<\/div>\n<\/div>\n<p>[\/vc_column_text][\/vc_column][\/vc_row][vc_row conditional_render=&#8221;%5B%7B%22value_role%22%3A%22administrator%22%7D%5D&#8221;][vc_column width=&#8221;1\/3&#8243; text_align=&#8221;center&#8221; is_section=&#8221;yes&#8221; conditional_render=&#8221;%5B%7B%22value_role%22%3A%22administrator%22%7D%5D&#8221;]<div class=\"porto-image-frame \" data-appear-animation=\"bounceIn\"><a href=\"https:\/\/www.qmet.com.tr\/en\/qsub-ti70\/\" title=\"QSUB \u2013 TDR70\" target=\"_self\"><img alt=\"\" src=\"\/\/www.qmet.com.tr\/en\/wp-content\/uploads\/sites\/5\/2023\/08\/QSUB-Ti70-Render.jpg\" class=\"img-responsive img-circle\" width=\"520\" height=\"520\"><\/a><\/div>[vc_custom_heading text=&#8221;QSUB-Ti 70&#8243; font_container=&#8221;tag:h2|text_align:center&#8221; use_theme_fonts=&#8221;yes&#8221; link=&#8221;url:https%3A%2F%2Fwww.qmet.com.tr%2Fen%2Fqsub-ti70%2F|title:QSUB-Ti%2070&#8243;][vc_btn title=&#8221;Learn More&#8221; style=&#8221;modern&#8221; color=&#8221;primary&#8221; link=&#8221;url:https%3A%2F%2Fwww.qmet.com.tr%2Fen%2Fqsub-ti70%2F|title:QSUB%20%E2%80%93%20Ti%2070&#8243;][vc_column_text]<\/p>\n<div class=\"page\" title=\"Page 6\">\n<div class=\"layoutArea\">\n<div class=\"column\">\n<div class=\"page\" title=\"Page 8\">\n<div class=\"layoutArea\">\n<div class=\"column\">\n<p style=\"text-align: center;\"><strong>Thermostatic<\/strong> control<br \/>\n<strong>Dual<\/strong> heat exchanger<br \/>\n<strong>Indirect<\/strong> heating (compatible with all heating types)<br \/>\n<strong>One way<\/strong>\u00a0connection<br \/>\n<strong>QMET Ultrameter+ <\/strong>heat meter<strong><br \/>\nApator<\/strong> water meter<\/p>\n<\/div>\n<\/div>\n<\/div>\n<\/div>\n<\/div>\n<\/div>\n<p>[\/vc_column_text][\/vc_column][vc_column width=&#8221;1\/3&#8243; text_align=&#8221;center&#8221; is_section=&#8221;yes&#8221; conditional_render=&#8221;%5B%7B%22value_role%22%3A%22administrator%22%7D%5D&#8221;]<div class=\"porto-image-frame \" data-appear-animation=\"bounceIn\"><a href=\"https:\/\/www.qmet.com.tr\/en\/qsub-ti-44\/\" title=\"QSUB \u2013 Ti 44\" target=\"_self\"><img alt=\"\" src=\"\/\/www.qmet.com.tr\/en\/wp-content\/uploads\/sites\/5\/2023\/08\/QSUB-Ti44-Render.jpg\" class=\"img-responsive img-circle\" width=\"520\" height=\"520\"><\/a><\/div>[vc_custom_heading text=&#8221;QSUB-Ti 44&#8243; font_container=&#8221;tag:h2|text_align:center&#8221; use_theme_fonts=&#8221;yes&#8221; link=&#8221;url:https%3A%2F%2Fwww.qmet.com.tr%2Fen%2Fqsub-ti-44%2F|title:QSUB-Ti%2044&#8243;][vc_btn title=&#8221;Learn More&#8221; style=&#8221;modern&#8221; color=&#8221;primary&#8221; link=&#8221;url:https%3A%2F%2Fwww.qmet.com.tr%2Fqsub-ti-44%2F&#8221;][vc_column_text]<\/p>\n<div class=\"page\" title=\"Page 6\">\n<div class=\"layoutArea\">\n<div class=\"column\">\n<div class=\"page\" title=\"Page 9\">\n<div class=\"layoutArea\">\n<div class=\"column\">\n<p style=\"text-align: center;\"><strong>Thermostatic<\/strong> control<br \/>\n<strong>Dual<\/strong> heat exchanger<br \/>\n<strong>Indirect<\/strong> heating (compatible with all heating types)<br \/>\n<strong>Bottom-top<\/strong> connection<br \/>\n<strong>QMET Ultrameter+ <\/strong>heat meter<strong><br \/>\nApator<\/strong> water meter<br \/>\n<strong>Re-circulation <\/strong>domestic hot water<\/p>\n<\/div>\n<\/div>\n<\/div>\n<\/div>\n<\/div>\n<\/div>\n<p>[\/vc_column_text][\/vc_column][vc_column width=&#8221;1\/3&#8243; text_align=&#8221;center&#8221; is_section=&#8221;yes&#8221; conditional_render=&#8221;%5B%7B%22value_role%22%3A%22administrator%22%7D%5D&#8221;]<div class=\"porto-image-frame \" data-appear-animation=\"bounceIn\"><a href=\"https:\/\/www.qmet.com.tr\/en\/qsub-ti-80\/\" title=\"QSUB-Ti 80\" target=\"_self\"><img alt=\"\" src=\"\/\/www.qmet.com.tr\/en\/wp-content\/uploads\/sites\/5\/2023\/08\/QSUB-Ti80-Render.jpg\" class=\"img-responsive img-circle\" width=\"520\" height=\"520\"><\/a><\/div>[vc_custom_heading text=&#8221;QSUB-Ti 80&#8243; font_container=&#8221;tag:h2|text_align:center&#8221; use_theme_fonts=&#8221;yes&#8221; link=&#8221;url:https%3A%2F%2Fwww.qmet.com.tr%2Fen%2Fqsub-ti-80%2F|title:QSUB-Ti%2080&#8243;][vc_btn title=&#8221;Learn More&#8221; style=&#8221;modern&#8221; color=&#8221;primary&#8221; link=&#8221;url:https%3A%2F%2Fwww.qmet.com.tr%2Fen%2Fqsub-ti-80%2F|title:QSUB%20%E2%80%93%20Ti%2080&#8243;][vc_column_text]<\/p>\n<div class=\"page\" title=\"Page 6\">\n<div class=\"layoutArea\">\n<div class=\"column\">\n<div class=\"page\" title=\"Page 9\">\n<div class=\"layoutArea\">\n<div class=\"column\">\n<p style=\"text-align: center;\"><strong>Thermostatic<\/strong> control<br \/>\n<strong>Dual<\/strong> heat exchanger<br \/>\n<strong>Indirect<\/strong> heating (compatible with all heating types)<br \/>\n<strong>One way<\/strong>\u00a0connection<br \/>\n<strong>QMET Ultrameter+ <\/strong>heat meter<strong><br \/>\nApator<\/strong> water meter<br \/>\n<strong>Re-circulation<\/strong> domestic hot water<\/p>\n<\/div>\n<\/div>\n<\/div>\n<\/div>\n<\/div>\n<\/div>\n<p>[\/vc_column_text][\/vc_column][\/vc_row][vc_row][vc_column][\/vc_column][\/vc_row]<\/p>\n<\/div>","protected":false},"excerpt":{"rendered":"<p>[vc_row][vc_column width=&#8221;1\/3&#8243; text_align=&#8221;center&#8221; is_section=&#8221;yes&#8221; conditional_render=&#8221;%5B%7B%22value_role%22%3A%22administrator%22%7D%5D&#8221;][vc_custom_heading text=&#8221;QSUB-Ti 33&#8221; font_container=&#8221;tag:h2|text_align:center&#8221; use_theme_fonts=&#8221;yes&#8221; link=&#8221;url:https%3A%2F%2Fwww.qmet.com.tr%2Fen%2Fqsub-ti-33%2F|title:QSUB-Ti%2033&#8243;][vc_btn title=&#8221;Learn More&#8221; style=&#8221;modern&#8221; color=&#8221;primary&#8221; link=&#8221;url:https%3A%2F%2Fwww.qmet.com.tr%2Fen%2Fqsub-ti-33%2F|title:QSUB-Ti%2033&#8243;][vc_column_text] Thermostatic control Dual heat exchanger Indirect heating (compatible with all heating types) Bottom-top connection QMET Ultrameter+ heat meter [\/vc_column_text][\/vc_column][vc_column width=&#8221;1\/3&#8243; text_align=&#8221;center&#8221; is_section=&#8221;yes&#8221; conditional_render=&#8221;%5B%7B%22value_role%22%3A%22administrator%22%7D%5D&#8221;][vc_custom_heading text=&#8221;QSUB-Ti 60&#8243; font_container=&#8221;tag:h2|text_align:center&#8221; use_theme_fonts=&#8221;yes&#8221; link=&#8221;url:https%3A%2F%2Fwww.qmet.com.tr%2Fen%2Fqsub-ti-60%2F|title:QSUB-Ti%2033&#8243;][vc_btn title=&#8221;Learn More&#8221; style=&#8221;modern&#8221; color=&#8221;primary&#8221; link=&#8221;url:https%3A%2F%2Fwww.qmet.com.tr%2Fen%2Fqsub-ti-60%2F&#8221;][vc_column_text] Thermostatic control Dual heat exchanger Indirect heating [&hellip;]<\/p>\n","protected":false},"author":1,"featured_media":0,"parent":0,"menu_order":0,"comment_status":"closed","ping_status":"closed","template":"","meta":{"footnotes":"","_joinchat":[]},"yoast_head":"<!-- This site is optimized with the Yoast SEO plugin v22.0 - https:\/\/yoast.com\/wordpress\/plugins\/seo\/ -->\n<title>QSUB Ti Series - QMET Smart Metering Technologies<\/title>\n<meta name=\"description\" content=\"QSUB TDR Serisi ihtiyac\u0131n\u0131z i\u00e7in, Qmet Ak\u0131ll\u0131 Is\u0131 \u00d6l\u00e7\u00fcm Sistemleri&#039;nin \u00fcretti\u011fi ve geli\u015ftirdi\u011fi \u0131s\u0131 saya\u00e7lar\u0131n\u0131 inceleyebilirsiniz.\" \/>\n<meta name=\"robots\" content=\"index, follow, max-snippet:-1, max-image-preview:large, max-video-preview:-1\" \/>\n<link rel=\"canonical\" href=\"https:\/\/www.qmet.com.tr\/en\/qsub-ti-series\/\" \/>\n<meta property=\"og:locale\" content=\"en_US\" \/>\n<meta property=\"og:type\" content=\"article\" \/>\n<meta property=\"og:title\" content=\"QSUB Ti Series - QMET Smart Metering Technologies\" \/>\n<meta property=\"og:description\" content=\"QSUB TDR Serisi ihtiyac\u0131n\u0131z i\u00e7in, Qmet Ak\u0131ll\u0131 Is\u0131 \u00d6l\u00e7\u00fcm Sistemleri&#039;nin \u00fcretti\u011fi ve geli\u015ftirdi\u011fi \u0131s\u0131 saya\u00e7lar\u0131n\u0131 inceleyebilirsiniz.\" \/>\n<meta property=\"og:url\" content=\"https:\/\/www.qmet.com.tr\/en\/qsub-ti-series\/\" \/>\n<meta property=\"og:site_name\" content=\"QMET Smart Metering Technologies\" \/>\n<meta property=\"article:modified_time\" content=\"2023-08-16T20:01:56+00:00\" \/>\n<meta name=\"twitter:card\" content=\"summary_large_image\" \/>\n<meta name=\"twitter:label1\" content=\"Est. reading time\" \/>\n\t<meta name=\"twitter:data1\" content=\"2 minutes\" \/>\n<script type=\"application\/ld+json\" class=\"yoast-schema-graph\">{\"@context\":\"https:\/\/schema.org\",\"@graph\":[{\"@type\":\"WebPage\",\"@id\":\"https:\/\/www.qmet.com.tr\/en\/qsub-ti-series\/\",\"url\":\"https:\/\/www.qmet.com.tr\/en\/qsub-ti-series\/\",\"name\":\"QSUB Ti Series - QMET Smart Metering Technologies\",\"isPartOf\":{\"@id\":\"https:\/\/www.qmet.com.tr\/en\/#website\"},\"datePublished\":\"2023-08-12T14:22:29+00:00\",\"dateModified\":\"2023-08-16T20:01:56+00:00\",\"description\":\"QSUB TDR Serisi ihtiyac\u0131n\u0131z i\u00e7in, Qmet Ak\u0131ll\u0131 Is\u0131 \u00d6l\u00e7\u00fcm Sistemleri'nin \u00fcretti\u011fi ve geli\u015ftirdi\u011fi \u0131s\u0131 saya\u00e7lar\u0131n\u0131 inceleyebilirsiniz.\",\"breadcrumb\":{\"@id\":\"https:\/\/www.qmet.com.tr\/en\/qsub-ti-series\/#breadcrumb\"},\"inLanguage\":\"en-US\",\"potentialAction\":[{\"@type\":\"ReadAction\",\"target\":[\"https:\/\/www.qmet.com.tr\/en\/qsub-ti-series\/\"]}]},{\"@type\":\"BreadcrumbList\",\"@id\":\"https:\/\/www.qmet.com.tr\/en\/qsub-ti-series\/#breadcrumb\",\"itemListElement\":[{\"@type\":\"ListItem\",\"position\":1,\"name\":\"Anasayfa\",\"item\":\"https:\/\/www.qmet.com.tr\/en\/\"},{\"@type\":\"ListItem\",\"position\":2,\"name\":\"QSUB Ti Series\"}]},{\"@type\":\"WebSite\",\"@id\":\"https:\/\/www.qmet.com.tr\/en\/#website\",\"url\":\"https:\/\/www.qmet.com.tr\/en\/\",\"name\":\"QMET Smart Metering Technologies\",\"description\":\"Welcome to Qmet.\",\"potentialAction\":[{\"@type\":\"SearchAction\",\"target\":{\"@type\":\"EntryPoint\",\"urlTemplate\":\"https:\/\/www.qmet.com.tr\/en\/?s={search_term_string}\"},\"query-input\":\"required name=search_term_string\"}],\"inLanguage\":\"en-US\"}]}<\/script>\n<!-- \/ Yoast SEO plugin. -->","yoast_head_json":{"title":"QSUB Ti Series - QMET Smart Metering Technologies","description":"QSUB TDR Serisi ihtiyac\u0131n\u0131z i\u00e7in, Qmet Ak\u0131ll\u0131 Is\u0131 \u00d6l\u00e7\u00fcm Sistemleri'nin \u00fcretti\u011fi ve geli\u015ftirdi\u011fi \u0131s\u0131 saya\u00e7lar\u0131n\u0131 inceleyebilirsiniz.","robots":{"index":"index","follow":"follow","max-snippet":"max-snippet:-1","max-image-preview":"max-image-preview:large","max-video-preview":"max-video-preview:-1"},"canonical":"https:\/\/www.qmet.com.tr\/en\/qsub-ti-series\/","og_locale":"en_US","og_type":"article","og_title":"QSUB Ti Series - QMET Smart Metering Technologies","og_description":"QSUB TDR Serisi ihtiyac\u0131n\u0131z i\u00e7in, Qmet Ak\u0131ll\u0131 Is\u0131 \u00d6l\u00e7\u00fcm Sistemleri'nin \u00fcretti\u011fi ve geli\u015ftirdi\u011fi \u0131s\u0131 saya\u00e7lar\u0131n\u0131 inceleyebilirsiniz.","og_url":"https:\/\/www.qmet.com.tr\/en\/qsub-ti-series\/","og_site_name":"QMET Smart Metering Technologies","article_modified_time":"2023-08-16T20:01:56+00:00","twitter_card":"summary_large_image","twitter_misc":{"Est. reading time":"2 minutes"},"schema":{"@context":"https:\/\/schema.org","@graph":[{"@type":"WebPage","@id":"https:\/\/www.qmet.com.tr\/en\/qsub-ti-series\/","url":"https:\/\/www.qmet.com.tr\/en\/qsub-ti-series\/","name":"QSUB Ti Series - QMET Smart Metering Technologies","isPartOf":{"@id":"https:\/\/www.qmet.com.tr\/en\/#website"},"datePublished":"2023-08-12T14:22:29+00:00","dateModified":"2023-08-16T20:01:56+00:00","description":"QSUB TDR Serisi ihtiyac\u0131n\u0131z i\u00e7in, Qmet Ak\u0131ll\u0131 Is\u0131 \u00d6l\u00e7\u00fcm Sistemleri'nin \u00fcretti\u011fi ve geli\u015ftirdi\u011fi \u0131s\u0131 saya\u00e7lar\u0131n\u0131 inceleyebilirsiniz.","breadcrumb":{"@id":"https:\/\/www.qmet.com.tr\/en\/qsub-ti-series\/#breadcrumb"},"inLanguage":"en-US","potentialAction":[{"@type":"ReadAction","target":["https:\/\/www.qmet.com.tr\/en\/qsub-ti-series\/"]}]},{"@type":"BreadcrumbList","@id":"https:\/\/www.qmet.com.tr\/en\/qsub-ti-series\/#breadcrumb","itemListElement":[{"@type":"ListItem","position":1,"name":"Anasayfa","item":"https:\/\/www.qmet.com.tr\/en\/"},{"@type":"ListItem","position":2,"name":"QSUB Ti Series"}]},{"@type":"WebSite","@id":"https:\/\/www.qmet.com.tr\/en\/#website","url":"https:\/\/www.qmet.com.tr\/en\/","name":"QMET Smart Metering Technologies","description":"Welcome to Qmet.","potentialAction":[{"@type":"SearchAction","target":{"@type":"EntryPoint","urlTemplate":"https:\/\/www.qmet.com.tr\/en\/?s={search_term_string}"},"query-input":"required name=search_term_string"}],"inLanguage":"en-US"}]}},"_links":{"self":[{"href":"https:\/\/www.qmet.com.tr\/en\/wp-json\/wp\/v2\/pages\/10382"}],"collection":[{"href":"https:\/\/www.qmet.com.tr\/en\/wp-json\/wp\/v2\/pages"}],"about":[{"href":"https:\/\/www.qmet.com.tr\/en\/wp-json\/wp\/v2\/types\/page"}],"author":[{"embeddable":true,"href":"https:\/\/www.qmet.com.tr\/en\/wp-json\/wp\/v2\/users\/1"}],"replies":[{"embeddable":true,"href":"https:\/\/www.qmet.com.tr\/en\/wp-json\/wp\/v2\/comments?post=10382"}],"version-history":[{"count":0,"href":"https:\/\/www.qmet.com.tr\/en\/wp-json\/wp\/v2\/pages\/10382\/revisions"}],"wp:attachment":[{"href":"https:\/\/www.qmet.com.tr\/en\/wp-json\/wp\/v2\/media?parent=10382"}],"curies":[{"name":"wp","href":"https:\/\/api.w.org\/{rel}","templated":true}]}}