{"id":10268,"date":"2023-07-21T08:56:50","date_gmt":"2023-07-21T05:56:50","guid":{"rendered":"https:\/\/www.qmet.com.tr\/en\/qsub-tdf-serisi\/"},"modified":"2023-08-16T22:54:21","modified_gmt":"2023-08-16T19:54:21","slug":"qsub-tdf-series","status":"publish","type":"page","link":"https:\/\/www.qmet.com.tr\/en\/qsub-tdf-series\/","title":{"rendered":"QSUB TDF Series"},"content":{"rendered":"<div class=\"wpb-content-wrapper\"><p>[vc_row][vc_column width=&#8221;1\/3&#8243; text_align=&#8221;center&#8221; is_section=&#8221;yes&#8221; conditional_render=&#8221;%5B%7B%22value_role%22%3A%22administrator%22%7D%5D&#8221;]<div class=\"porto-image-frame \" data-appear-animation=\"bounceIn\"><a href=\"https:\/\/www.qmet.com.tr\/en\/qsubtdf33\/\" title=\"QSUB-TDF33\" target=\"_self\"><img alt=\"\" src=\"\/\/www.qmet.com.tr\/en\/wp-content\/uploads\/sites\/5\/2023\/07\/QSUB-TDF33-Render.jpg\" class=\"img-responsive img-circle\" width=\"520\" height=\"520\"><\/a><\/div><div class=\"porto-u-heading  wpb_custom_95aa9a11c17ad45cfabaf210d84ee7cc porto-u-4902\"><div class=\"porto-u-main-heading\"><h2  ><a href =\"https:\/\/www.qmet.com.tr\/en\/qsubtdf33\/\">QSUB-TDF-33<\/a><\/h2><\/div><style>.porto-u-4902.porto-u-heading{text-align:center}<\/style><\/div>[vc_btn title=&#8221;Learn More&#8221; style=&#8221;modern&#8221; color=&#8221;primary&#8221; link=&#8221;url:https%3A%2F%2Fwww.qmet.com.tr%2Fen%2Fqsubtdf33%2F|title:QSUB-TDF33&#8243;][vc_column_text]<\/p>\n<div class=\"page\" title=\"Page 6\">\n<div class=\"layoutArea\">\n<div class=\"column\">\n<div class=\"page\" title=\"Page 8\">\n<div class=\"layoutArea\">\n<div class=\"column\">\n<p style=\"text-align: center;\"><strong>Thermostatic<\/strong> control<br \/>\n<strong>Floor<\/strong> heating<br \/>\n<strong>Bottom<\/strong> <strong>and top<\/strong> connection<br \/>\n<strong>QMET Ultrameter+<\/strong> heat meter<\/p>\n<\/div>\n<\/div>\n<\/div>\n<\/div>\n<\/div>\n<\/div>\n<p>&nbsp;[\/vc_column_text][\/vc_column][vc_column width=&#8221;1\/3&#8243; text_align=&#8221;center&#8221; is_section=&#8221;yes&#8221; conditional_render=&#8221;%5B%7B%22value_role%22%3A%22administrator%22%7D%5D&#8221;]<div class=\"porto-image-frame \" data-appear-animation=\"bounceIn\"><a href=\"https:\/\/www.qmet.com.tr\/en\/qsub-tdf-60\/\" title=\"QSUB-TDF60\" target=\"_self\"><img alt=\"\" src=\"\/\/www.qmet.com.tr\/en\/wp-content\/uploads\/sites\/5\/2023\/07\/QSUB-TDF60-Render.jpg\" class=\"img-responsive img-circle\" width=\"520\" height=\"520\"><\/a><\/div><div class=\"porto-u-heading  wpb_custom_95aa9a11c17ad45cfabaf210d84ee7cc porto-u-4734\"><div class=\"porto-u-main-heading\"><h2  ><a href=\"https:\/\/www.qmet.com.tr\/en\/qsub-tdf-60\/\">QSUB-TDF-60<\/a><\/h2><\/div><style>.porto-u-4734.porto-u-heading{text-align:center}<\/style><\/div>[vc_btn title=&#8221;Learn More&#8221; style=&#8221;modern&#8221; color=&#8221;primary&#8221; link=&#8221;url:https%3A%2F%2Fwww.qmet.com.tr%2Fen%2Fqsub-tdf-34%2F|title:QSUB-TDF-34&#8243;][vc_column_text]<\/p>\n<div class=\"page\" title=\"Page 6\">\n<div class=\"layoutArea\">\n<div class=\"column\">\n<div class=\"page\" title=\"Page 8\">\n<div class=\"layoutArea\">\n<div class=\"column\">\n<p style=\"text-align: center;\"><strong>Thermostatic<\/strong> control<br \/>\n<strong>Floor<\/strong> heating<br \/>\n<strong>One way<\/strong>\u00a0connection<br \/>\n<strong>QMET Ultrameter+<\/strong> heat meter<\/p>\n<\/div>\n<\/div>\n<\/div>\n<\/div>\n<\/div>\n<\/div>\n<p>[\/vc_column_text][\/vc_column][vc_column width=&#8221;1\/3&#8243; text_align=&#8221;center&#8221; is_section=&#8221;yes&#8221; conditional_render=&#8221;%5B%7B%22value_role%22%3A%22administrator%22%7D%5D&#8221;]<div class=\"porto-image-frame \" data-appear-animation=\"bounceIn\"><a href=\"https:\/\/www.qmet.com.tr\/en\/qsub-tdf-34\/\" title=\"QSUB-TDF-34\" target=\"_self\"><img alt=\"\" src=\"\/\/www.qmet.com.tr\/en\/wp-content\/uploads\/sites\/5\/2023\/07\/QSUB-TDF34-Render.jpg\" class=\"img-responsive img-circle\" width=\"520\" height=\"520\"><\/a><\/div><div class=\"porto-u-heading  wpb_custom_95aa9a11c17ad45cfabaf210d84ee7cc porto-u-4731\"><div class=\"porto-u-main-heading\"><h2  ><a href =\"https:\/\/www.qmet.com.tr\/en\/qsub-tdf-34\/\">QSUB-TDF-34<\/a><\/h2><\/div><style>.porto-u-4731.porto-u-heading{text-align:center}<\/style><\/div>[vc_btn title=&#8221;Learn More&#8221; style=&#8221;modern&#8221; color=&#8221;primary&#8221; link=&#8221;url:https%3A%2F%2Fwww.qmet.com.tr%2Fen%2Fqsub-tdf-60%2F|title:QSUB-TDF60&#8243;][vc_column_text]<\/p>\n<div class=\"page\" title=\"Page 6\">\n<div class=\"layoutArea\">\n<div class=\"column\">\n<div class=\"page\" title=\"Page 8\">\n<div class=\"layoutArea\">\n<div class=\"column\">\n<p style=\"text-align: center;\"><strong>Thermostatic<\/strong> control<br \/>\n<strong>Floor<\/strong> heating<br \/>\n<strong>Bottom<\/strong> <strong>and top<\/strong> connection<br \/>\n<strong>QMET Ultrameter+<\/strong> heat meter<br \/>\n<strong>Apator<\/strong> water meter<\/p>\n<\/div>\n<\/div>\n<\/div>\n<\/div>\n<\/div>\n<\/div>\n<p>[\/vc_column_text][\/vc_column][\/vc_row][vc_row conditional_render=&#8221;%5B%7B%22value_role%22%3A%22administrator%22%7D%5D&#8221;][vc_column width=&#8221;1\/3&#8243; text_align=&#8221;center&#8221; is_section=&#8221;yes&#8221; conditional_render=&#8221;%5B%7B%22value_role%22%3A%22administrator%22%7D%5D&#8221;]<div class=\"porto-image-frame \" data-appear-animation=\"bounceIn\"><a href=\"https:\/\/www.qmet.com.tr\/en\/qsub-tdf70\/\" title=\"QSUB-TDF70\" target=\"_self\"><img alt=\"\" src=\"\/\/www.qmet.com.tr\/en\/wp-content\/uploads\/sites\/5\/2023\/07\/QSUB-TDF70-Render.jpg\" class=\"img-responsive img-circle\" width=\"520\" height=\"520\"><\/a><\/div><div class=\"porto-u-heading  wpb_custom_95aa9a11c17ad45cfabaf210d84ee7cc porto-u-3214\"><div class=\"porto-u-main-heading\"><h2  ><a href = \"https:\/\/www.qmet.com.tr\/en\/qsub-tdf70\/\">QSUB-TDF-70<\/a><\/h2><\/div><style>.porto-u-3214.porto-u-heading{text-align:center}<\/style><\/div>[vc_btn title=&#8221;Learn More&#8221; style=&#8221;modern&#8221; color=&#8221;primary&#8221; link=&#8221;url:https%3A%2F%2Fwww.qmet.com.tr%2Fen%2Fqsub-tdf70%2F|title:QSUB-TDF70&#8243;][vc_column_text]<\/p>\n<div class=\"page\" title=\"Page 6\">\n<div class=\"layoutArea\">\n<div class=\"column\">\n<div class=\"page\" title=\"Page 8\">\n<div class=\"layoutArea\">\n<div class=\"column\">\n<p style=\"text-align: center;\"><strong>Thermostatic<\/strong> control<br \/>\n<strong>Floor<\/strong> heating<br \/>\n<b>One way<\/b>\u00a0connection<br \/>\n<strong>QMET Ultrameter+<\/strong> heat meter<br \/>\n<strong>Apator<\/strong> water meter<\/p>\n<\/div>\n<\/div>\n<\/div>\n<\/div>\n<\/div>\n<\/div>\n<p>[\/vc_column_text][\/vc_column][vc_column width=&#8221;1\/3&#8243; text_align=&#8221;center&#8221; is_section=&#8221;yes&#8221; conditional_render=&#8221;%5B%7B%22value_role%22%3A%22administrator%22%7D%5D&#8221;]<div class=\"porto-image-frame \" data-appear-animation=\"bounceIn\"><a href=\"https:\/\/www.qmet.com.tr\/en\/qsub-tdf-44\/\" title=\"QSUB-TDF 44\" target=\"_self\"><img alt=\"\" src=\"\/\/www.qmet.com.tr\/en\/wp-content\/uploads\/sites\/5\/2023\/08\/QSUB-TDF44-Render.jpg\" class=\"img-responsive img-circle\" width=\"520\" height=\"520\"><\/a><\/div><div class=\"porto-u-heading  wpb_custom_95aa9a11c17ad45cfabaf210d84ee7cc porto-u-5400\"><div class=\"porto-u-main-heading\"><h2  ><a href = \"https:\/\/www.qmet.com.tr\/en\/qsub-tdf-44\/\">QSUB-TDF-44<\/a><\/h2><\/div><style>.porto-u-5400.porto-u-heading{text-align:center}<\/style><\/div>[vc_btn title=&#8221;Learn More&#8221; style=&#8221;modern&#8221; color=&#8221;primary&#8221; link=&#8221;url:https%3A%2F%2Fwww.qmet.com.tr%2Fen%2Fqsub-tdf-44%2F|title:QSUB-TDF44&#8243;][vc_column_text]<\/p>\n<div class=\"page\" title=\"Page 6\">\n<div class=\"layoutArea\">\n<div class=\"column\">\n<div class=\"page\" title=\"Page 8\">\n<div class=\"layoutArea\">\n<div class=\"column\">\n<p style=\"text-align: center;\"><strong>Thermostatic<\/strong> control<br \/>\n<strong>Floor<\/strong> heating<br \/>\n<b>Bottom and top<\/b>\u00a0connection<br \/>\n<strong>QMET Ultrameter+<\/strong> heat meter<br \/>\n<strong>Apator<\/strong> water meter<br \/>\n<strong>Re-circulation<\/strong> for domestic hot water<\/p>\n<\/div>\n<\/div>\n<\/div>\n<\/div>\n<\/div>\n<\/div>\n<p>[\/vc_column_text][\/vc_column][vc_column width=&#8221;1\/3&#8243; text_align=&#8221;center&#8221; is_section=&#8221;yes&#8221; conditional_render=&#8221;%5B%7B%22value_role%22%3A%22administrator%22%7D%5D&#8221;]<div class=\"porto-image-frame \" data-appear-animation=\"bounceIn\"><a href=\"https:\/\/www.qmet.com.tr\/en\/qsub-tdf-80\/\" title=\"QSUB-TDF-80\" target=\"_self\"><img alt=\"\" src=\"\/\/www.qmet.com.tr\/en\/wp-content\/uploads\/sites\/5\/2023\/07\/QSUB-TDF80-Render.jpg\" class=\"img-responsive img-circle\" width=\"520\" height=\"520\"><\/a><\/div><div class=\"porto-u-heading  wpb_custom_95aa9a11c17ad45cfabaf210d84ee7cc porto-u-2887\"><div class=\"porto-u-main-heading\"><h2  ><a href = \"https:\/\/www.qmet.com.tr\/en\/qsub-tdf-80\/\">QSUB-TDF-80<\/a><\/h2><\/div><style>.porto-u-2887.porto-u-heading{text-align:center}<\/style><\/div>[vc_btn title=&#8221;Learn More&#8221; style=&#8221;modern&#8221; color=&#8221;primary&#8221; link=&#8221;url:https%3A%2F%2Fwww.qmet.com.tr%2Fen%2Fqsub-tdf-80%2F|title:QSUB-TDF-80&#8243;][vc_column_text]<\/p>\n<div class=\"page\" title=\"Page 6\">\n<div class=\"layoutArea\">\n<div class=\"column\">\n<div class=\"page\" title=\"Page 8\">\n<div class=\"layoutArea\">\n<div class=\"column\">\n<p style=\"text-align: center;\"><strong>Thermostatic<\/strong> control<br \/>\n<strong>Floor<\/strong> heating<br \/>\n<b>One way<\/b>\u00a0connection<br \/>\n<strong>QMET Ultrameter+<\/strong> heat meter<br \/>\n<strong>Apator<\/strong> water meter<br \/>\n<strong>Re-circulation<\/strong> for domestic hot water<\/p>\n<\/div>\n<\/div>\n<\/div>\n<\/div>\n<\/div>\n<\/div>\n<p>[\/vc_column_text][\/vc_column][\/vc_row]<\/p>\n<\/div>","protected":false},"excerpt":{"rendered":"<p>[vc_row][vc_column width=&#8221;1\/3&#8243; text_align=&#8221;center&#8221; is_section=&#8221;yes&#8221; conditional_render=&#8221;%5B%7B%22value_role%22%3A%22administrator%22%7D%5D&#8221;][vc_btn title=&#8221;Learn More&#8221; style=&#8221;modern&#8221; color=&#8221;primary&#8221; link=&#8221;url:https%3A%2F%2Fwww.qmet.com.tr%2Fen%2Fqsubtdf33%2F|title:QSUB-TDF33&#8243;][vc_column_text] Thermostatic control Floor heating Bottom and top connection QMET Ultrameter+ heat meter &nbsp;[\/vc_column_text][\/vc_column][vc_column width=&#8221;1\/3&#8243; text_align=&#8221;center&#8221; is_section=&#8221;yes&#8221; conditional_render=&#8221;%5B%7B%22value_role%22%3A%22administrator%22%7D%5D&#8221;][vc_btn title=&#8221;Learn More&#8221; style=&#8221;modern&#8221; color=&#8221;primary&#8221; link=&#8221;url:https%3A%2F%2Fwww.qmet.com.tr%2Fen%2Fqsub-tdf-34%2F|title:QSUB-TDF-34&#8243;][vc_column_text] Thermostatic control Floor heating One way\u00a0connection QMET Ultrameter+ heat meter [\/vc_column_text][\/vc_column][vc_column width=&#8221;1\/3&#8243; text_align=&#8221;center&#8221; is_section=&#8221;yes&#8221; conditional_render=&#8221;%5B%7B%22value_role%22%3A%22administrator%22%7D%5D&#8221;][vc_btn title=&#8221;Learn More&#8221; style=&#8221;modern&#8221; color=&#8221;primary&#8221; link=&#8221;url:https%3A%2F%2Fwww.qmet.com.tr%2Fen%2Fqsub-tdf-60%2F|title:QSUB-TDF60&#8243;][vc_column_text] Thermostatic control Floor [&hellip;]<\/p>\n","protected":false},"author":1,"featured_media":0,"parent":0,"menu_order":0,"comment_status":"closed","ping_status":"closed","template":"","meta":{"footnotes":"","_joinchat":[]},"yoast_head":"<!-- This site is optimized with the Yoast SEO plugin v22.0 - https:\/\/yoast.com\/wordpress\/plugins\/seo\/ -->\n<title>QSUB TDF Series - QMET Smart Metering Technologies<\/title>\n<meta name=\"description\" content=\"QSUB TDR Serisi ihtiyac\u0131n\u0131z i\u00e7in, Qmet Ak\u0131ll\u0131 Is\u0131 \u00d6l\u00e7\u00fcm Sistemleri&#039;nin \u00fcretti\u011fi ve geli\u015ftirdi\u011fi \u0131s\u0131 saya\u00e7lar\u0131n\u0131 inceleyebilirsiniz.\" \/>\n<meta name=\"robots\" content=\"index, follow, max-snippet:-1, max-image-preview:large, max-video-preview:-1\" \/>\n<link rel=\"canonical\" href=\"https:\/\/www.qmet.com.tr\/en\/qsub-tdf-series\/\" \/>\n<meta property=\"og:locale\" content=\"en_US\" \/>\n<meta property=\"og:type\" content=\"article\" \/>\n<meta property=\"og:title\" content=\"QSUB TDF Series - QMET Smart Metering Technologies\" \/>\n<meta property=\"og:description\" content=\"QSUB TDR Serisi ihtiyac\u0131n\u0131z i\u00e7in, Qmet Ak\u0131ll\u0131 Is\u0131 \u00d6l\u00e7\u00fcm Sistemleri&#039;nin \u00fcretti\u011fi ve geli\u015ftirdi\u011fi \u0131s\u0131 saya\u00e7lar\u0131n\u0131 inceleyebilirsiniz.\" \/>\n<meta property=\"og:url\" content=\"https:\/\/www.qmet.com.tr\/en\/qsub-tdf-series\/\" \/>\n<meta property=\"og:site_name\" content=\"QMET Smart Metering Technologies\" \/>\n<meta property=\"article:modified_time\" content=\"2023-08-16T19:54:21+00:00\" \/>\n<meta name=\"twitter:card\" content=\"summary_large_image\" \/>\n<meta name=\"twitter:label1\" content=\"Est. reading time\" \/>\n\t<meta name=\"twitter:data1\" content=\"1 minute\" \/>\n<script type=\"application\/ld+json\" class=\"yoast-schema-graph\">{\"@context\":\"https:\/\/schema.org\",\"@graph\":[{\"@type\":\"WebPage\",\"@id\":\"https:\/\/www.qmet.com.tr\/en\/qsub-tdf-series\/\",\"url\":\"https:\/\/www.qmet.com.tr\/en\/qsub-tdf-series\/\",\"name\":\"QSUB TDF Series - QMET Smart Metering Technologies\",\"isPartOf\":{\"@id\":\"https:\/\/www.qmet.com.tr\/en\/#website\"},\"datePublished\":\"2023-07-21T05:56:50+00:00\",\"dateModified\":\"2023-08-16T19:54:21+00:00\",\"description\":\"QSUB TDR Serisi ihtiyac\u0131n\u0131z i\u00e7in, Qmet Ak\u0131ll\u0131 Is\u0131 \u00d6l\u00e7\u00fcm Sistemleri'nin \u00fcretti\u011fi ve geli\u015ftirdi\u011fi \u0131s\u0131 saya\u00e7lar\u0131n\u0131 inceleyebilirsiniz.\",\"breadcrumb\":{\"@id\":\"https:\/\/www.qmet.com.tr\/en\/qsub-tdf-series\/#breadcrumb\"},\"inLanguage\":\"en-US\",\"potentialAction\":[{\"@type\":\"ReadAction\",\"target\":[\"https:\/\/www.qmet.com.tr\/en\/qsub-tdf-series\/\"]}]},{\"@type\":\"BreadcrumbList\",\"@id\":\"https:\/\/www.qmet.com.tr\/en\/qsub-tdf-series\/#breadcrumb\",\"itemListElement\":[{\"@type\":\"ListItem\",\"position\":1,\"name\":\"Anasayfa\",\"item\":\"https:\/\/www.qmet.com.tr\/en\/\"},{\"@type\":\"ListItem\",\"position\":2,\"name\":\"QSUB TDF Series\"}]},{\"@type\":\"WebSite\",\"@id\":\"https:\/\/www.qmet.com.tr\/en\/#website\",\"url\":\"https:\/\/www.qmet.com.tr\/en\/\",\"name\":\"QMET Smart Metering Technologies\",\"description\":\"Welcome to Qmet.\",\"potentialAction\":[{\"@type\":\"SearchAction\",\"target\":{\"@type\":\"EntryPoint\",\"urlTemplate\":\"https:\/\/www.qmet.com.tr\/en\/?s={search_term_string}\"},\"query-input\":\"required name=search_term_string\"}],\"inLanguage\":\"en-US\"}]}<\/script>\n<!-- \/ Yoast SEO plugin. -->","yoast_head_json":{"title":"QSUB TDF Series - QMET Smart Metering Technologies","description":"QSUB TDR Serisi ihtiyac\u0131n\u0131z i\u00e7in, Qmet Ak\u0131ll\u0131 Is\u0131 \u00d6l\u00e7\u00fcm Sistemleri'nin \u00fcretti\u011fi ve geli\u015ftirdi\u011fi \u0131s\u0131 saya\u00e7lar\u0131n\u0131 inceleyebilirsiniz.","robots":{"index":"index","follow":"follow","max-snippet":"max-snippet:-1","max-image-preview":"max-image-preview:large","max-video-preview":"max-video-preview:-1"},"canonical":"https:\/\/www.qmet.com.tr\/en\/qsub-tdf-series\/","og_locale":"en_US","og_type":"article","og_title":"QSUB TDF Series - QMET Smart Metering Technologies","og_description":"QSUB TDR Serisi ihtiyac\u0131n\u0131z i\u00e7in, Qmet Ak\u0131ll\u0131 Is\u0131 \u00d6l\u00e7\u00fcm Sistemleri'nin \u00fcretti\u011fi ve geli\u015ftirdi\u011fi \u0131s\u0131 saya\u00e7lar\u0131n\u0131 inceleyebilirsiniz.","og_url":"https:\/\/www.qmet.com.tr\/en\/qsub-tdf-series\/","og_site_name":"QMET Smart Metering Technologies","article_modified_time":"2023-08-16T19:54:21+00:00","twitter_card":"summary_large_image","twitter_misc":{"Est. reading time":"1 minute"},"schema":{"@context":"https:\/\/schema.org","@graph":[{"@type":"WebPage","@id":"https:\/\/www.qmet.com.tr\/en\/qsub-tdf-series\/","url":"https:\/\/www.qmet.com.tr\/en\/qsub-tdf-series\/","name":"QSUB TDF Series - QMET Smart Metering Technologies","isPartOf":{"@id":"https:\/\/www.qmet.com.tr\/en\/#website"},"datePublished":"2023-07-21T05:56:50+00:00","dateModified":"2023-08-16T19:54:21+00:00","description":"QSUB TDR Serisi ihtiyac\u0131n\u0131z i\u00e7in, Qmet Ak\u0131ll\u0131 Is\u0131 \u00d6l\u00e7\u00fcm Sistemleri'nin \u00fcretti\u011fi ve geli\u015ftirdi\u011fi \u0131s\u0131 saya\u00e7lar\u0131n\u0131 inceleyebilirsiniz.","breadcrumb":{"@id":"https:\/\/www.qmet.com.tr\/en\/qsub-tdf-series\/#breadcrumb"},"inLanguage":"en-US","potentialAction":[{"@type":"ReadAction","target":["https:\/\/www.qmet.com.tr\/en\/qsub-tdf-series\/"]}]},{"@type":"BreadcrumbList","@id":"https:\/\/www.qmet.com.tr\/en\/qsub-tdf-series\/#breadcrumb","itemListElement":[{"@type":"ListItem","position":1,"name":"Anasayfa","item":"https:\/\/www.qmet.com.tr\/en\/"},{"@type":"ListItem","position":2,"name":"QSUB TDF Series"}]},{"@type":"WebSite","@id":"https:\/\/www.qmet.com.tr\/en\/#website","url":"https:\/\/www.qmet.com.tr\/en\/","name":"QMET Smart Metering Technologies","description":"Welcome to Qmet.","potentialAction":[{"@type":"SearchAction","target":{"@type":"EntryPoint","urlTemplate":"https:\/\/www.qmet.com.tr\/en\/?s={search_term_string}"},"query-input":"required name=search_term_string"}],"inLanguage":"en-US"}]}},"_links":{"self":[{"href":"https:\/\/www.qmet.com.tr\/en\/wp-json\/wp\/v2\/pages\/10268"}],"collection":[{"href":"https:\/\/www.qmet.com.tr\/en\/wp-json\/wp\/v2\/pages"}],"about":[{"href":"https:\/\/www.qmet.com.tr\/en\/wp-json\/wp\/v2\/types\/page"}],"author":[{"embeddable":true,"href":"https:\/\/www.qmet.com.tr\/en\/wp-json\/wp\/v2\/users\/1"}],"replies":[{"embeddable":true,"href":"https:\/\/www.qmet.com.tr\/en\/wp-json\/wp\/v2\/comments?post=10268"}],"version-history":[{"count":0,"href":"https:\/\/www.qmet.com.tr\/en\/wp-json\/wp\/v2\/pages\/10268\/revisions"}],"wp:attachment":[{"href":"https:\/\/www.qmet.com.tr\/en\/wp-json\/wp\/v2\/media?parent=10268"}],"curies":[{"name":"wp","href":"https:\/\/api.w.org\/{rel}","templated":true}]}}