{"id":10265,"date":"2023-07-15T11:01:42","date_gmt":"2023-07-15T08:01:42","guid":{"rendered":"https:\/\/www.qmet.com.tr\/en\/qsub-tdr-serisi\/"},"modified":"2024-01-31T01:10:27","modified_gmt":"2024-01-30T22:10:27","slug":"qsub-tdr-series","status":"publish","type":"page","link":"https:\/\/www.qmet.com.tr\/en\/qsub-tdr-series\/","title":{"rendered":"QSUB TDR Series"},"content":{"rendered":"<div class=\"wpb-content-wrapper\"><p>[vc_row][vc_column width=&#8221;1\/3&#8243; text_align=&#8221;center&#8221; is_section=&#8221;yes&#8221; conditional_render=&#8221;%5B%7B%22value_role%22%3A%22administrator%22%7D%5D&#8221;]<div class=\"porto-image-frame \" data-appear-animation=\"bounceIn\"><a href=\"https:\/\/www.qmet.com.tr\/en\/qsubtdr33\/\" title=\"QSUB \u2013 TDR33\" target=\"_self\"><img alt=\"\" src=\"\/\/www.qmet.com.tr\/en\/wp-content\/uploads\/sites\/5\/2023\/07\/QSUB-TDR33-Render.jpg\" class=\"img-responsive img-circle\" width=\"520\" height=\"520\"><\/a><\/div><div class=\"porto-u-heading  wpb_custom_95aa9a11c17ad45cfabaf210d84ee7cc porto-u-8502\"><div class=\"porto-u-main-heading\"><h2  ><a href = \" https:\/\/www.qmet.com.tr\/en\/qsub-tdr33\/ \">QSUB-TDR-33<\/a><\/h2><\/div><style>.porto-u-8502.porto-u-heading{text-align:center}<\/style><\/div>[vc_btn title=&#8221;Learn More&#8221; style=&#8221;modern&#8221; color=&#8221;primary&#8221; link=&#8221;url:https%3A%2F%2Fwww.qmet.com.tr%2Fen%2Fqsubtdr33%2F&#8221;][vc_column_text]<\/p>\n<div class=\"page\" title=\"Page 6\">\n<div class=\"layoutArea\">\n<div class=\"column\">\n<div class=\"page\" title=\"Page 8\">\n<div class=\"layoutArea\">\n<div class=\"column\">\n<p style=\"text-align: center;\"><strong>Thermostatic<\/strong> control<br \/>\n<strong>Radiator<\/strong> heating<br \/>\n<strong>Bottom and top<\/strong> connection<br \/>\n<strong>QMET Ultrameter+<\/strong> heat meter<\/p>\n<\/div>\n<\/div>\n<\/div>\n<\/div>\n<\/div>\n<\/div>\n<p>[\/vc_column_text][\/vc_column][vc_column width=&#8221;1\/3&#8243; text_align=&#8221;center&#8221; is_section=&#8221;yes&#8221; conditional_render=&#8221;%5B%7B%22value_role%22%3A%22administrator%22%7D%5D&#8221;]<div class=\"porto-image-frame \" data-appear-animation=\"bounceIn\"><a href=\"https:\/\/www.qmet.com.tr\/en\/qsubtdr60\/\" title=\"QSUB \u2013 TDR60\" target=\"_self\"><img alt=\"\" src=\"\/\/www.qmet.com.tr\/en\/wp-content\/uploads\/sites\/5\/2023\/08\/QSUB-TDR60-Render-1.jpg\" class=\"img-responsive img-circle\" width=\"520\" height=\"520\"><\/a><\/div><div class=\"porto-u-heading  wpb_custom_95aa9a11c17ad45cfabaf210d84ee7cc porto-u-2603\"><div class=\"porto-u-main-heading\"><h2  ><a href = \" https:\/\/www.qmet.com.tr\/en\/qsubtdr60\/ \">QSUB-TDR-60<\/a><\/h2><\/div><style>.porto-u-2603.porto-u-heading{text-align:center}<\/style><\/div>[vc_btn title=&#8221;Learn More&#8221; style=&#8221;modern&#8221; color=&#8221;primary&#8221; link=&#8221;url:https%3A%2F%2Fwww.qmet.com.tr%2Fen%2Fqsubtdr60%2F|title:QSUB%20%E2%80%93%20TDR60&#8243;][vc_column_text]<\/p>\n<div class=\"page\" title=\"Page 6\">\n<div class=\"layoutArea\">\n<div class=\"column\">\n<div class=\"page\" title=\"Page 8\">\n<div class=\"layoutArea\">\n<div class=\"column\">\n<p style=\"text-align: center;\"><strong>Thermostatic<\/strong> Control<br \/>\n<strong>Underfloor<\/strong> Heating<br \/>\n<strong>One way connection<br \/>\nQMET Ultrameter+ <\/strong>Heat Meter<strong><br \/>\n<\/strong><\/p>\n<\/div>\n<\/div>\n<\/div>\n<\/div>\n<\/div>\n<\/div>\n<p>[\/vc_column_text][\/vc_column][vc_column width=&#8221;1\/3&#8243; text_align=&#8221;center&#8221; is_section=&#8221;yes&#8221; conditional_render=&#8221;%5B%7B%22value_role%22%3A%22administrator%22%7D%5D&#8221;]<div class=\"porto-image-frame \" data-appear-animation=\"bounceIn\"><a href=\"https:\/\/www.qmet.com.tr\/en\/qsubtdr34\/\" title=\"QSUB \u2013 TDR34\" target=\"_self\"><img alt=\"\" src=\"\/\/www.qmet.com.tr\/en\/wp-content\/uploads\/sites\/5\/2023\/07\/QSUB-TDR34.jpg\" class=\"img-responsive img-circle\" width=\"520\" height=\"520\"><\/a><\/div><div class=\"porto-u-heading  wpb_custom_95aa9a11c17ad45cfabaf210d84ee7cc porto-u-5517\"><div class=\"porto-u-main-heading\"><h2  ><a href = \"https:\/\/www.qmet.com.tr\/en\/qsubtdr34\/\">QSUB-TDR-34<\/a><\/h2><\/div><style>.porto-u-5517.porto-u-heading{text-align:center}<\/style><\/div>[vc_btn title=&#8221;Learn More&#8221; style=&#8221;modern&#8221; color=&#8221;primary&#8221; link=&#8221;url:https%3A%2F%2Fwww.qmet.com.tr%2Fen%2Fqsubtdr34%2F|title:QSUB%20%E2%80%93%20TDR34&#8243;][vc_column_text]<\/p>\n<div class=\"page\" title=\"Page 6\">\n<div class=\"layoutArea\">\n<div class=\"column\">\n<div class=\"page\" title=\"Page 8\">\n<div class=\"layoutArea\">\n<div class=\"column\">\n<p style=\"text-align: center;\"><strong>Thermostatic<\/strong> Control<br \/>\n<strong>Radiator<\/strong> Heating<br \/>\nBottom and Top Connection<br \/>\n<strong>Apator<\/strong> Water Meter<br \/>\n<strong>QMET Ultrameter+<\/strong> Heat Meter<\/p>\n<\/div>\n<\/div>\n<\/div>\n<\/div>\n<\/div>\n<\/div>\n<p>[\/vc_column_text][\/vc_column][\/vc_row][vc_row conditional_render=&#8221;%5B%7B%22value_role%22%3A%22administrator%22%7D%5D&#8221;][vc_column width=&#8221;1\/3&#8243; text_align=&#8221;center&#8221; is_section=&#8221;yes&#8221; conditional_render=&#8221;%5B%7B%22value_role%22%3A%22administrator%22%7D%5D&#8221;]<div class=\"porto-image-frame \" data-appear-animation=\"bounceIn\"><a href=\"https:\/\/www.qmet.com.tr\/en\/qsub-tdr70\/\" title=\"QSUB \u2013 TDR70\" target=\"_self\"><img alt=\"\" src=\"\/\/www.qmet.com.tr\/en\/wp-content\/uploads\/sites\/5\/2023\/07\/QSUB-TDR70-Render.jpg\" class=\"img-responsive img-circle\" width=\"520\" height=\"520\"><\/a><\/div><div class=\"porto-u-heading  wpb_custom_95aa9a11c17ad45cfabaf210d84ee7cc porto-u-1152\"><div class=\"porto-u-main-heading\"><h2  ><a href = \" https:\/\/www.qmet.com.tr\/en\/qsub-tdr70\/ \">QSUB-TDR-70<\/a><\/h2><\/div><style>.porto-u-1152.porto-u-heading{text-align:center}<\/style><\/div>[vc_btn title=&#8221;Learn More&#8221; style=&#8221;modern&#8221; color=&#8221;primary&#8221; link=&#8221;url:https%3A%2F%2Fwww.qmet.com.tr%2Fen%2Fqsub-tdr70%2F|title:QSUB%20%E2%80%93%20TDR70&#8243;][vc_column_text]<\/p>\n<div class=\"page\" title=\"Page 6\">\n<div class=\"layoutArea\">\n<div class=\"column\">\n<div class=\"page\" title=\"Page 9\">\n<div class=\"layoutArea\">\n<div class=\"column\">\n<p style=\"text-align: center;\"><strong>Thermostatic<\/strong> Control<br \/>\n<strong>Underfloor<\/strong> Heating<br \/>\n<strong>One <\/strong>way connection<strong><br \/>\n<\/strong><strong>Apator <\/strong>Water Meter<strong><br \/>\nQMET Ultrameter+ <\/strong>Heat Meter<strong><br \/>\n<\/strong><\/p>\n<\/div>\n<\/div>\n<\/div>\n<\/div>\n<\/div>\n<\/div>\n<p>[\/vc_column_text][\/vc_column][vc_column width=&#8221;1\/3&#8243; text_align=&#8221;center&#8221; is_section=&#8221;yes&#8221; conditional_render=&#8221;%5B%7B%22value_role%22%3A%22administrator%22%7D%5D&#8221;]<div class=\"porto-image-frame \" data-appear-animation=\"bounceIn\"><a href=\"https:\/\/www.qmet.com.tr\/en\/qsub-tdr44\/\" title=\"QSUB \u2013 TDR44\" target=\"_self\"><img alt=\"\" src=\"\/\/www.qmet.com.tr\/en\/wp-content\/uploads\/sites\/5\/2023\/07\/QSUB-TDR44-Render.jpg\" class=\"img-responsive img-circle\" width=\"520\" height=\"520\"><\/a><\/div><div class=\"porto-u-heading  wpb_custom_95aa9a11c17ad45cfabaf210d84ee7cc porto-u-2450\"><div class=\"porto-u-main-heading\"><h2  ><a href = \" https:\/\/www.qmet.com.tr\/en\/qsub-tdr44\/\">QSUB-TDR-44<\/a><\/h2><\/div><style>.porto-u-2450.porto-u-heading{text-align:center}<\/style><\/div>[vc_btn title=&#8221;Learn More&#8221; style=&#8221;modern&#8221; color=&#8221;primary&#8221; link=&#8221;url:https%3A%2F%2Fwww.qmet.com.tr%2Fen%2Fqsub-tdr44%2F|title:QSUB%20%E2%80%93%20TDR44&#8243;][vc_column_text]<\/p>\n<div class=\"page\" title=\"Page 6\">\n<div class=\"layoutArea\">\n<div class=\"column\">\n<div class=\"page\" title=\"Page 9\">\n<div class=\"layoutArea\">\n<div class=\"column\">\n<p style=\"text-align: center;\"><strong>Thermostatic<\/strong> Control<br \/>\n<strong>Radiator<\/strong> Heating<br \/>\n<strong>Bottom<\/strong>-Top Connection<br \/>\n<strong>Apator <\/strong>Water Meter<strong><br \/>\nQMET<\/strong> <strong>Ultrameter+<\/strong> Heat Meter<br \/>\n<strong>Re-circulation<\/strong> for Domestic Hot Water<\/p>\n<\/div>\n<\/div>\n<\/div>\n<\/div>\n<\/div>\n<\/div>\n<p>[\/vc_column_text][\/vc_column][vc_column width=&#8221;1\/3&#8243; text_align=&#8221;center&#8221; is_section=&#8221;yes&#8221; conditional_render=&#8221;%5B%7B%22value_role%22%3A%22administrator%22%7D%5D&#8221;]<div class=\"porto-image-frame \" data-appear-animation=\"bounceIn\"><a href=\"https:\/\/www.qmet.com.tr\/en\/qsub-tdr80\/\" title=\"QSUB \u2013 TDR80\" target=\"_self\"><img alt=\"\" src=\"\/\/www.qmet.com.tr\/en\/wp-content\/uploads\/sites\/5\/2023\/07\/QSUB-TDR80-Render.jpg\" class=\"img-responsive img-circle\" width=\"520\" height=\"520\"><\/a><\/div><div class=\"porto-u-heading  wpb_custom_95aa9a11c17ad45cfabaf210d84ee7cc porto-u-3308\"><div class=\"porto-u-main-heading\"><h2  ><a href = \" https:\/\/www.qmet.com.tr\/en\/qsub-tdr80\/ \">QSUB-TDR-80<\/a><\/h2><\/div><style>.porto-u-3308.porto-u-heading{text-align:center}<\/style><\/div>[vc_btn title=&#8221;Learn More&#8221; style=&#8221;modern&#8221; color=&#8221;primary&#8221; link=&#8221;url:https%3A%2F%2Fwww.qmet.com.tr%2Fen%2Fqsub-tdr80%2F|title:QSUB%20%E2%80%93%20TDR80&#8243;][vc_column_text]<\/p>\n<div class=\"page\" title=\"Page 6\">\n<div class=\"layoutArea\">\n<div class=\"column\">\n<div class=\"page\" title=\"Page 9\">\n<div class=\"layoutArea\">\n<div class=\"column\">\n<p style=\"text-align: center;\"><strong>Thermostatic<\/strong> Control<br \/>\n<strong>Radiator<\/strong> Heating<br \/>\n<strong>One<\/strong> way connection<br \/>\n<strong>Apator <\/strong>Water Meter<strong><br \/>\nQMET<\/strong> <strong>Ultrameter+<\/strong> Heat Meter<br \/>\n<strong>Re-circulation<\/strong> for Domestic Hot Water<\/p>\n<\/div>\n<\/div>\n<\/div>\n<\/div>\n<\/div>\n<\/div>\n<p>[\/vc_column_text][vc_column_text css=&#8221;.vc_custom_1689867009536{padding-top: 150px !important;}&#8221;][\/vc_column_text][\/vc_column][\/vc_row]<\/p>\n<\/div>","protected":false},"excerpt":{"rendered":"<p>[vc_row][vc_column width=&#8221;1\/3&#8243; text_align=&#8221;center&#8221; is_section=&#8221;yes&#8221; conditional_render=&#8221;%5B%7B%22value_role%22%3A%22administrator%22%7D%5D&#8221;][vc_btn title=&#8221;Learn More&#8221; style=&#8221;modern&#8221; color=&#8221;primary&#8221; link=&#8221;url:https%3A%2F%2Fwww.qmet.com.tr%2Fen%2Fqsubtdr33%2F&#8221;][vc_column_text] Thermostatic control Radiator heating Bottom and top connection QMET Ultrameter+ heat meter [\/vc_column_text][\/vc_column][vc_column width=&#8221;1\/3&#8243; text_align=&#8221;center&#8221; is_section=&#8221;yes&#8221; conditional_render=&#8221;%5B%7B%22value_role%22%3A%22administrator%22%7D%5D&#8221;][vc_btn title=&#8221;Learn More&#8221; style=&#8221;modern&#8221; color=&#8221;primary&#8221; link=&#8221;url:https%3A%2F%2Fwww.qmet.com.tr%2Fen%2Fqsubtdr60%2F|title:QSUB%20%E2%80%93%20TDR60&#8243;][vc_column_text] Thermostatic Control Underfloor Heating One way connection QMET Ultrameter+ Heat Meter [\/vc_column_text][\/vc_column][vc_column width=&#8221;1\/3&#8243; text_align=&#8221;center&#8221; is_section=&#8221;yes&#8221; conditional_render=&#8221;%5B%7B%22value_role%22%3A%22administrator%22%7D%5D&#8221;][vc_btn title=&#8221;Learn More&#8221; style=&#8221;modern&#8221; color=&#8221;primary&#8221; link=&#8221;url:https%3A%2F%2Fwww.qmet.com.tr%2Fen%2Fqsubtdr34%2F|title:QSUB%20%E2%80%93%20TDR34&#8243;][vc_column_text] Thermostatic Control [&hellip;]<\/p>\n","protected":false},"author":1,"featured_media":0,"parent":0,"menu_order":0,"comment_status":"closed","ping_status":"closed","template":"","meta":{"footnotes":"","_joinchat":[]},"yoast_head":"<!-- This site is optimized with the Yoast SEO plugin v22.0 - https:\/\/yoast.com\/wordpress\/plugins\/seo\/ -->\n<title>QSUB TDR Series - QMET Smart Metering Technologies<\/title>\n<meta name=\"description\" content=\"QSUB TDR Serisi ihtiyac\u0131n\u0131z i\u00e7in, Qmet Ak\u0131ll\u0131 Is\u0131 \u00d6l\u00e7\u00fcm Sistemleri&#039;nin \u00fcretti\u011fi ve geli\u015ftirdi\u011fi \u0131s\u0131 saya\u00e7lar\u0131n\u0131 inceleyebilirsiniz.\" \/>\n<meta name=\"robots\" content=\"index, follow, max-snippet:-1, max-image-preview:large, max-video-preview:-1\" \/>\n<link rel=\"canonical\" href=\"https:\/\/www.qmet.com.tr\/en\/qsub-tdr-series\/\" \/>\n<meta property=\"og:locale\" content=\"en_US\" \/>\n<meta property=\"og:type\" content=\"article\" \/>\n<meta property=\"og:title\" content=\"QSUB TDR Series - QMET Smart Metering Technologies\" \/>\n<meta property=\"og:description\" content=\"QSUB TDR Serisi ihtiyac\u0131n\u0131z i\u00e7in, Qmet Ak\u0131ll\u0131 Is\u0131 \u00d6l\u00e7\u00fcm Sistemleri&#039;nin \u00fcretti\u011fi ve geli\u015ftirdi\u011fi \u0131s\u0131 saya\u00e7lar\u0131n\u0131 inceleyebilirsiniz.\" \/>\n<meta property=\"og:url\" content=\"https:\/\/www.qmet.com.tr\/en\/qsub-tdr-series\/\" \/>\n<meta property=\"og:site_name\" content=\"QMET Smart Metering Technologies\" \/>\n<meta property=\"article:modified_time\" content=\"2024-01-30T22:10:27+00:00\" \/>\n<meta name=\"twitter:card\" content=\"summary_large_image\" \/>\n<meta name=\"twitter:label1\" content=\"Est. reading time\" \/>\n\t<meta name=\"twitter:data1\" content=\"1 minute\" \/>\n<script type=\"application\/ld+json\" class=\"yoast-schema-graph\">{\"@context\":\"https:\/\/schema.org\",\"@graph\":[{\"@type\":\"WebPage\",\"@id\":\"https:\/\/www.qmet.com.tr\/en\/qsub-tdr-series\/\",\"url\":\"https:\/\/www.qmet.com.tr\/en\/qsub-tdr-series\/\",\"name\":\"QSUB TDR Series - QMET Smart Metering Technologies\",\"isPartOf\":{\"@id\":\"https:\/\/www.qmet.com.tr\/en\/#website\"},\"datePublished\":\"2023-07-15T08:01:42+00:00\",\"dateModified\":\"2024-01-30T22:10:27+00:00\",\"description\":\"QSUB TDR Serisi ihtiyac\u0131n\u0131z i\u00e7in, Qmet Ak\u0131ll\u0131 Is\u0131 \u00d6l\u00e7\u00fcm Sistemleri'nin \u00fcretti\u011fi ve geli\u015ftirdi\u011fi \u0131s\u0131 saya\u00e7lar\u0131n\u0131 inceleyebilirsiniz.\",\"breadcrumb\":{\"@id\":\"https:\/\/www.qmet.com.tr\/en\/qsub-tdr-series\/#breadcrumb\"},\"inLanguage\":\"en-US\",\"potentialAction\":[{\"@type\":\"ReadAction\",\"target\":[\"https:\/\/www.qmet.com.tr\/en\/qsub-tdr-series\/\"]}]},{\"@type\":\"BreadcrumbList\",\"@id\":\"https:\/\/www.qmet.com.tr\/en\/qsub-tdr-series\/#breadcrumb\",\"itemListElement\":[{\"@type\":\"ListItem\",\"position\":1,\"name\":\"Anasayfa\",\"item\":\"https:\/\/www.qmet.com.tr\/en\/\"},{\"@type\":\"ListItem\",\"position\":2,\"name\":\"QSUB TDR Series\"}]},{\"@type\":\"WebSite\",\"@id\":\"https:\/\/www.qmet.com.tr\/en\/#website\",\"url\":\"https:\/\/www.qmet.com.tr\/en\/\",\"name\":\"QMET Smart Metering Technologies\",\"description\":\"Welcome to Qmet.\",\"potentialAction\":[{\"@type\":\"SearchAction\",\"target\":{\"@type\":\"EntryPoint\",\"urlTemplate\":\"https:\/\/www.qmet.com.tr\/en\/?s={search_term_string}\"},\"query-input\":\"required name=search_term_string\"}],\"inLanguage\":\"en-US\"}]}<\/script>\n<!-- \/ Yoast SEO plugin. -->","yoast_head_json":{"title":"QSUB TDR Series - QMET Smart Metering Technologies","description":"QSUB TDR Serisi ihtiyac\u0131n\u0131z i\u00e7in, Qmet Ak\u0131ll\u0131 Is\u0131 \u00d6l\u00e7\u00fcm Sistemleri'nin \u00fcretti\u011fi ve geli\u015ftirdi\u011fi \u0131s\u0131 saya\u00e7lar\u0131n\u0131 inceleyebilirsiniz.","robots":{"index":"index","follow":"follow","max-snippet":"max-snippet:-1","max-image-preview":"max-image-preview:large","max-video-preview":"max-video-preview:-1"},"canonical":"https:\/\/www.qmet.com.tr\/en\/qsub-tdr-series\/","og_locale":"en_US","og_type":"article","og_title":"QSUB TDR Series - QMET Smart Metering Technologies","og_description":"QSUB TDR Serisi ihtiyac\u0131n\u0131z i\u00e7in, Qmet Ak\u0131ll\u0131 Is\u0131 \u00d6l\u00e7\u00fcm Sistemleri'nin \u00fcretti\u011fi ve geli\u015ftirdi\u011fi \u0131s\u0131 saya\u00e7lar\u0131n\u0131 inceleyebilirsiniz.","og_url":"https:\/\/www.qmet.com.tr\/en\/qsub-tdr-series\/","og_site_name":"QMET Smart Metering Technologies","article_modified_time":"2024-01-30T22:10:27+00:00","twitter_card":"summary_large_image","twitter_misc":{"Est. reading time":"1 minute"},"schema":{"@context":"https:\/\/schema.org","@graph":[{"@type":"WebPage","@id":"https:\/\/www.qmet.com.tr\/en\/qsub-tdr-series\/","url":"https:\/\/www.qmet.com.tr\/en\/qsub-tdr-series\/","name":"QSUB TDR Series - QMET Smart Metering Technologies","isPartOf":{"@id":"https:\/\/www.qmet.com.tr\/en\/#website"},"datePublished":"2023-07-15T08:01:42+00:00","dateModified":"2024-01-30T22:10:27+00:00","description":"QSUB TDR Serisi ihtiyac\u0131n\u0131z i\u00e7in, Qmet Ak\u0131ll\u0131 Is\u0131 \u00d6l\u00e7\u00fcm Sistemleri'nin \u00fcretti\u011fi ve geli\u015ftirdi\u011fi \u0131s\u0131 saya\u00e7lar\u0131n\u0131 inceleyebilirsiniz.","breadcrumb":{"@id":"https:\/\/www.qmet.com.tr\/en\/qsub-tdr-series\/#breadcrumb"},"inLanguage":"en-US","potentialAction":[{"@type":"ReadAction","target":["https:\/\/www.qmet.com.tr\/en\/qsub-tdr-series\/"]}]},{"@type":"BreadcrumbList","@id":"https:\/\/www.qmet.com.tr\/en\/qsub-tdr-series\/#breadcrumb","itemListElement":[{"@type":"ListItem","position":1,"name":"Anasayfa","item":"https:\/\/www.qmet.com.tr\/en\/"},{"@type":"ListItem","position":2,"name":"QSUB TDR Series"}]},{"@type":"WebSite","@id":"https:\/\/www.qmet.com.tr\/en\/#website","url":"https:\/\/www.qmet.com.tr\/en\/","name":"QMET Smart Metering Technologies","description":"Welcome to Qmet.","potentialAction":[{"@type":"SearchAction","target":{"@type":"EntryPoint","urlTemplate":"https:\/\/www.qmet.com.tr\/en\/?s={search_term_string}"},"query-input":"required name=search_term_string"}],"inLanguage":"en-US"}]}},"_links":{"self":[{"href":"https:\/\/www.qmet.com.tr\/en\/wp-json\/wp\/v2\/pages\/10265"}],"collection":[{"href":"https:\/\/www.qmet.com.tr\/en\/wp-json\/wp\/v2\/pages"}],"about":[{"href":"https:\/\/www.qmet.com.tr\/en\/wp-json\/wp\/v2\/types\/page"}],"author":[{"embeddable":true,"href":"https:\/\/www.qmet.com.tr\/en\/wp-json\/wp\/v2\/users\/1"}],"replies":[{"embeddable":true,"href":"https:\/\/www.qmet.com.tr\/en\/wp-json\/wp\/v2\/comments?post=10265"}],"version-history":[{"count":0,"href":"https:\/\/www.qmet.com.tr\/en\/wp-json\/wp\/v2\/pages\/10265\/revisions"}],"wp:attachment":[{"href":"https:\/\/www.qmet.com.tr\/en\/wp-json\/wp\/v2\/media?parent=10265"}],"curies":[{"name":"wp","href":"https:\/\/api.w.org\/{rel}","templated":true}]}}