{"id":10264,"date":"2023-07-15T08:18:15","date_gmt":"2023-07-15T05:18:15","guid":{"rendered":"https:\/\/www.qmet.com.tr\/en\/qsub-t-serisi\/"},"modified":"2025-11-29T16:15:24","modified_gmt":"2025-11-29T13:15:24","slug":"qsub-t-series","status":"publish","type":"page","link":"https:\/\/www.qmet.com.tr\/en\/qsub-t-series\/","title":{"rendered":"QSUB T Series"},"content":{"rendered":"<div class=\"wpb-content-wrapper\"><p>[vc_row full_width=&#8221;stretch_row&#8221; conditional_render=&#8221;%5B%7B%22value_role%22%3A%22administrator%22%7D%5D&#8221;][vc_column width=&#8221;1\/3&#8243; text_align=&#8221;center&#8221; is_section=&#8221;yes&#8221; conditional_render=&#8221;%5B%7B%22value_role%22%3A%22administrator%22%7D%5D&#8221;]<div class=\"porto-image-frame \" data-appear-animation=\"bounceIn\"><a href=\"https:\/\/www.qmet.com.tr\/en\/qsub-tdr-series\/\" title=\"QSUB TDR Serisi\" target=\"_self\"><img alt=\"\" src=\"\/\/www.qmet.com.tr\/en\/wp-content\/uploads\/sites\/5\/2025\/11\/WhatsApp-Gorsel-2025-11-29-saat-12.25.06_04015ccb-560x560.jpg\" class=\"img-responsive img-circle\" width=\"560\" height=\"560\"><\/a><\/div><div class=\"porto-u-heading  wpb_custom_95aa9a11c17ad45cfabaf210d84ee7cc porto-u-3081\"><div class=\"porto-u-main-heading\"><h2  ><a href = \"https:\/\/www.qmet.com.tr\/en\/qsub-tdr\"> QSUB-TDR <\/a><\/h2><\/div><style>.porto-u-3081.porto-u-heading{text-align:center}<\/style><\/div>[vc_btn title=&#8221;Learn More&#8221; style=&#8221;flat&#8221; color=&#8221;sky&#8221; align=&#8221;center&#8221; i_align=&#8221;right&#8221; i_icon_fontawesome=&#8221;fas fa-angle-right&#8221; add_icon=&#8221;true&#8221; link=&#8221;url:https%3A%2F%2Fwww.qmet.com.tr%2Fen%2Fqsub-tdr-series%2F|title:QSUB%20TDR%20Serisi&#8221;][vc_column_text]<\/p>\n<div class=\"page\" title=\"Page 6\">\n<div class=\"layoutArea\">\n<div class=\"column\">\n<p style=\"text-align: center;\"><strong>Thermostatic<\/strong> Control<br \/>\n<strong>Single<\/strong> Heat Exchanger<br \/>\n<strong>Direct Heating<\/strong> Circuit<br \/>\n<strong>Radiator<\/strong> Heating<\/p>\n<\/div>\n<\/div>\n<\/div>\n<p>[\/vc_column_text][\/vc_column][vc_column width=&#8221;1\/3&#8243; is_section=&#8221;yes&#8221; conditional_render=&#8221;%5B%7B%22value_role%22%3A%22administrator%22%7D%5D&#8221;]<div class=\"porto-image-frame \" data-appear-animation=\"bounceIn\"><a href=\"https:\/\/www.qmet.com.tr\/en\/qsub-tdf-series\/\" title=\"\" target=\"_self\"><img alt=\"\" src=\"\/\/www.qmet.com.tr\/en\/wp-content\/uploads\/sites\/5\/2025\/11\/WhatsApp-Gorsel-2025-11-29-saat-12.25.05_aa6140cb-560x560.jpg\" class=\"img-responsive img-circle\" width=\"560\" height=\"560\"><\/a><\/div><div class=\"porto-u-heading  wpb_custom_95aa9a11c17ad45cfabaf210d84ee7cc porto-u-7581\"><div class=\"porto-u-main-heading\"><h2  ><a href = \"https:\/\/www.qmet.com.tr\/en\/qsub-tdf-series\/\"> QSUB-TDF <\/a><\/h2><\/div><style>.porto-u-7581.porto-u-heading{text-align:center}<\/style><\/div>[vc_btn title=&#8221;Learn More&#8221; style=&#8221;flat&#8221; color=&#8221;sky&#8221; align=&#8221;center&#8221; i_align=&#8221;right&#8221; i_icon_fontawesome=&#8221;fas fa-angle-right&#8221; add_icon=&#8221;true&#8221; link=&#8221;url:https%3A%2F%2Fwww.qmet.com.tr%2Fen%2Fqsub-tdf-series%2F&#8221;][vc_column_text]<\/p>\n<div class=\"page\" title=\"Page 6\">\n<div class=\"layoutArea\">\n<div class=\"column\">\n<p style=\"text-align: center;\"><strong>Thermostatic<\/strong> Control<br \/>\n<strong>Single<\/strong> Heat Exchanger<br \/>\n<strong>Direct<\/strong> Heating Circuit<br \/>\n<strong>Floor<\/strong> Heating<\/p>\n<\/div>\n<\/div>\n<\/div>\n<p>[\/vc_column_text][\/vc_column][vc_column width=&#8221;1\/3&#8243; is_section=&#8221;yes&#8221; conditional_render=&#8221;%5B%7B%22value_role%22%3A%22administrator%22%7D%5D&#8221;]<div class=\"porto-image-frame \" data-appear-animation=\"bounceIn\"><a href=\"https:\/\/www.qmet.com.tr\/en\/qsub-ti-series\/\" title=\"QSUB Ti Serisi\" target=\"_self\"><img alt=\"\" src=\"\/\/www.qmet.com.tr\/en\/wp-content\/uploads\/sites\/5\/2025\/11\/WhatsApp-Gorsel-2025-11-29-saat-12.12.02_e25d2342-1-560x560.jpg\" class=\"img-responsive img-circle\" width=\"560\" height=\"560\"><\/a><\/div><div class=\"porto-u-heading  wpb_custom_95aa9a11c17ad45cfabaf210d84ee7cc porto-u-4249\"><div class=\"porto-u-main-heading\"><h2  ><a href = \"https:\/\/www.qmet.com.tr\/en\/qsub-ti-series\/\"> QSUB-Ti <\/a><\/h2><\/div><style>.porto-u-4249.porto-u-heading{text-align:center}<\/style><\/div>[vc_btn title=&#8221;Learn More&#8221; style=&#8221;flat&#8221; color=&#8221;sky&#8221; align=&#8221;center&#8221; i_align=&#8221;right&#8221; i_icon_fontawesome=&#8221;fas fa-angle-right&#8221; add_icon=&#8221;true&#8221; link=&#8221;url:https%3A%2F%2Fwww.qmet.com.tr%2Fen%2Fqsub-ti-series%2F|title:QSUB%20Ti%20Serisi&#8221;][vc_column_text]<\/p>\n<div class=\"page\" title=\"Page 6\">\n<div class=\"layoutArea\">\n<div class=\"column\">\n<p style=\"text-align: center;\"><strong>Thermostatic<\/strong> Control<br \/>\n<strong>Dual<\/strong> Heat Exchanger<br \/>\n<strong>Indirect<\/strong> Heating Circuit<br \/>\n<strong>All <\/strong>Heating Application<\/p>\n<\/div>\n<\/div>\n<\/div>\n<p>[\/vc_column_text][\/vc_column][\/vc_row][vc_row css=&#8221;.vc_custom_1689409007043{margin-top: 75px !important;}&#8221; conditional_render=&#8221;%5B%7B%22value_role%22%3A%22administrator%22%7D%5D&#8221;][vc_column][vc_column_text]<\/p>\n<div class=\"page\" title=\"Page 3\">\n<div class=\"layoutArea\">\n<div class=\"column\">\n<div class=\"page\" title=\"Page 7\">\n<div class=\"layoutArea\">\n<div class=\"column\">\n<h2 style=\"text-align: center;\"><strong>QSUB T Series: Thermostatic Control<\/strong><\/h2>\n<p style=\"text-align: center;\">In thermostatically controlled heat stations, the control is based on the temperature, i.e., it is done thermostatically. The system gives priority to domestic hot water usage. However, even during domestic hot water consumption, the heating function continues partially. The system mainly consists of a thermostatic temperature controller and a heat exchanger. The sensing element of the thermostatic temperature controller is immersed in the heat exchanger. Thus, when domestic hot water consumption starts within the apartment, the sensing element starts cooling down, and the thermostatic temperature controller opens. The hot water from the boiler is directed to the heat exchanger and starts heating the domestic hot water. When the domestic hot water consumption within the apartment ends, the sensing element inside the heat exchanger heats up and closes the heat exchanger circuit. The system remains closed until it cools down.<\/p>\n<p style=\"text-align: center;\"><\/div>\n<\/div>\n<\/div>\n<\/div>\n<\/div>\n<\/div>\n<p>[\/vc_column_text][\/vc_column][\/vc_row]<\/p>\n<\/div>","protected":false},"excerpt":{"rendered":"<p>[vc_row full_width=&#8221;stretch_row&#8221; conditional_render=&#8221;%5B%7B%22value_role%22%3A%22administrator%22%7D%5D&#8221;][vc_column width=&#8221;1\/3&#8243; text_align=&#8221;center&#8221; is_section=&#8221;yes&#8221; conditional_render=&#8221;%5B%7B%22value_role%22%3A%22administrator%22%7D%5D&#8221;][vc_btn title=&#8221;Learn More&#8221; style=&#8221;flat&#8221; color=&#8221;sky&#8221; align=&#8221;center&#8221; i_align=&#8221;right&#8221; i_icon_fontawesome=&#8221;fas fa-angle-right&#8221; add_icon=&#8221;true&#8221; link=&#8221;url:https%3A%2F%2Fwww.qmet.com.tr%2Fen%2Fqsub-tdr-series%2F|title:QSUB%20TDR%20Serisi&#8221;][vc_column_text] Thermostatic Control Single Heat Exchanger Direct Heating Circuit Radiator Heating [\/vc_column_text][\/vc_column][vc_column width=&#8221;1\/3&#8243; is_section=&#8221;yes&#8221; conditional_render=&#8221;%5B%7B%22value_role%22%3A%22administrator%22%7D%5D&#8221;][vc_btn title=&#8221;Learn More&#8221; style=&#8221;flat&#8221; color=&#8221;sky&#8221; align=&#8221;center&#8221; i_align=&#8221;right&#8221; i_icon_fontawesome=&#8221;fas fa-angle-right&#8221; add_icon=&#8221;true&#8221; link=&#8221;url:https%3A%2F%2Fwww.qmet.com.tr%2Fen%2Fqsub-tdf-series%2F&#8221;][vc_column_text] Thermostatic Control Single Heat Exchanger Direct Heating Circuit Floor Heating [\/vc_column_text][\/vc_column][vc_column width=&#8221;1\/3&#8243; is_section=&#8221;yes&#8221; conditional_render=&#8221;%5B%7B%22value_role%22%3A%22administrator%22%7D%5D&#8221;][vc_btn [&hellip;]<\/p>\n","protected":false},"author":1,"featured_media":0,"parent":0,"menu_order":0,"comment_status":"closed","ping_status":"closed","template":"","meta":{"footnotes":"","_joinchat":[]},"yoast_head":"<!-- This site is optimized with the Yoast SEO plugin v22.0 - https:\/\/yoast.com\/wordpress\/plugins\/seo\/ -->\n<title>QSUB T Series - QMET Smart Metering Technologies<\/title>\n<meta name=\"description\" content=\"QSUB T Serisi ihtiyac\u0131n\u0131z i\u00e7in, Qmet Ak\u0131ll\u0131 Is\u0131 \u00d6l\u00e7\u00fcm Sistemleri&#039;nin \u00fcretti\u011fi ve geli\u015ftirdi\u011fi \u0131s\u0131 saya\u00e7lar\u0131n\u0131 inceleyebilirsiniz.\" \/>\n<meta name=\"robots\" content=\"index, follow, max-snippet:-1, max-image-preview:large, max-video-preview:-1\" \/>\n<link rel=\"canonical\" href=\"https:\/\/www.qmet.com.tr\/en\/qsub-t-series\/\" \/>\n<meta property=\"og:locale\" content=\"en_US\" \/>\n<meta property=\"og:type\" content=\"article\" \/>\n<meta property=\"og:title\" content=\"QSUB T Series - QMET Smart Metering Technologies\" \/>\n<meta property=\"og:description\" content=\"QSUB T Serisi ihtiyac\u0131n\u0131z i\u00e7in, Qmet Ak\u0131ll\u0131 Is\u0131 \u00d6l\u00e7\u00fcm Sistemleri&#039;nin \u00fcretti\u011fi ve geli\u015ftirdi\u011fi \u0131s\u0131 saya\u00e7lar\u0131n\u0131 inceleyebilirsiniz.\" \/>\n<meta property=\"og:url\" content=\"https:\/\/www.qmet.com.tr\/en\/qsub-t-series\/\" \/>\n<meta property=\"og:site_name\" content=\"QMET Smart Metering Technologies\" \/>\n<meta property=\"article:modified_time\" content=\"2025-11-29T13:15:24+00:00\" \/>\n<meta name=\"twitter:card\" content=\"summary_large_image\" \/>\n<meta name=\"twitter:label1\" content=\"Est. reading time\" \/>\n\t<meta name=\"twitter:data1\" content=\"2 minutes\" \/>\n<script type=\"application\/ld+json\" class=\"yoast-schema-graph\">{\"@context\":\"https:\/\/schema.org\",\"@graph\":[{\"@type\":\"WebPage\",\"@id\":\"https:\/\/www.qmet.com.tr\/en\/qsub-t-series\/\",\"url\":\"https:\/\/www.qmet.com.tr\/en\/qsub-t-series\/\",\"name\":\"QSUB T Series - QMET Smart Metering Technologies\",\"isPartOf\":{\"@id\":\"https:\/\/www.qmet.com.tr\/en\/#website\"},\"datePublished\":\"2023-07-15T05:18:15+00:00\",\"dateModified\":\"2025-11-29T13:15:24+00:00\",\"description\":\"QSUB T Serisi ihtiyac\u0131n\u0131z i\u00e7in, Qmet Ak\u0131ll\u0131 Is\u0131 \u00d6l\u00e7\u00fcm Sistemleri'nin \u00fcretti\u011fi ve geli\u015ftirdi\u011fi \u0131s\u0131 saya\u00e7lar\u0131n\u0131 inceleyebilirsiniz.\",\"breadcrumb\":{\"@id\":\"https:\/\/www.qmet.com.tr\/en\/qsub-t-series\/#breadcrumb\"},\"inLanguage\":\"en-US\",\"potentialAction\":[{\"@type\":\"ReadAction\",\"target\":[\"https:\/\/www.qmet.com.tr\/en\/qsub-t-series\/\"]}]},{\"@type\":\"BreadcrumbList\",\"@id\":\"https:\/\/www.qmet.com.tr\/en\/qsub-t-series\/#breadcrumb\",\"itemListElement\":[{\"@type\":\"ListItem\",\"position\":1,\"name\":\"Anasayfa\",\"item\":\"https:\/\/www.qmet.com.tr\/en\/\"},{\"@type\":\"ListItem\",\"position\":2,\"name\":\"QSUB T Series\"}]},{\"@type\":\"WebSite\",\"@id\":\"https:\/\/www.qmet.com.tr\/en\/#website\",\"url\":\"https:\/\/www.qmet.com.tr\/en\/\",\"name\":\"QMET Smart Metering Technologies\",\"description\":\"Welcome to Qmet.\",\"potentialAction\":[{\"@type\":\"SearchAction\",\"target\":{\"@type\":\"EntryPoint\",\"urlTemplate\":\"https:\/\/www.qmet.com.tr\/en\/?s={search_term_string}\"},\"query-input\":\"required name=search_term_string\"}],\"inLanguage\":\"en-US\"}]}<\/script>\n<!-- \/ Yoast SEO plugin. -->","yoast_head_json":{"title":"QSUB T Series - QMET Smart Metering Technologies","description":"QSUB T Serisi ihtiyac\u0131n\u0131z i\u00e7in, Qmet Ak\u0131ll\u0131 Is\u0131 \u00d6l\u00e7\u00fcm Sistemleri'nin \u00fcretti\u011fi ve geli\u015ftirdi\u011fi \u0131s\u0131 saya\u00e7lar\u0131n\u0131 inceleyebilirsiniz.","robots":{"index":"index","follow":"follow","max-snippet":"max-snippet:-1","max-image-preview":"max-image-preview:large","max-video-preview":"max-video-preview:-1"},"canonical":"https:\/\/www.qmet.com.tr\/en\/qsub-t-series\/","og_locale":"en_US","og_type":"article","og_title":"QSUB T Series - QMET Smart Metering Technologies","og_description":"QSUB T Serisi ihtiyac\u0131n\u0131z i\u00e7in, Qmet Ak\u0131ll\u0131 Is\u0131 \u00d6l\u00e7\u00fcm Sistemleri'nin \u00fcretti\u011fi ve geli\u015ftirdi\u011fi \u0131s\u0131 saya\u00e7lar\u0131n\u0131 inceleyebilirsiniz.","og_url":"https:\/\/www.qmet.com.tr\/en\/qsub-t-series\/","og_site_name":"QMET Smart Metering Technologies","article_modified_time":"2025-11-29T13:15:24+00:00","twitter_card":"summary_large_image","twitter_misc":{"Est. reading time":"2 minutes"},"schema":{"@context":"https:\/\/schema.org","@graph":[{"@type":"WebPage","@id":"https:\/\/www.qmet.com.tr\/en\/qsub-t-series\/","url":"https:\/\/www.qmet.com.tr\/en\/qsub-t-series\/","name":"QSUB T Series - QMET Smart Metering Technologies","isPartOf":{"@id":"https:\/\/www.qmet.com.tr\/en\/#website"},"datePublished":"2023-07-15T05:18:15+00:00","dateModified":"2025-11-29T13:15:24+00:00","description":"QSUB T Serisi ihtiyac\u0131n\u0131z i\u00e7in, Qmet Ak\u0131ll\u0131 Is\u0131 \u00d6l\u00e7\u00fcm Sistemleri'nin \u00fcretti\u011fi ve geli\u015ftirdi\u011fi \u0131s\u0131 saya\u00e7lar\u0131n\u0131 inceleyebilirsiniz.","breadcrumb":{"@id":"https:\/\/www.qmet.com.tr\/en\/qsub-t-series\/#breadcrumb"},"inLanguage":"en-US","potentialAction":[{"@type":"ReadAction","target":["https:\/\/www.qmet.com.tr\/en\/qsub-t-series\/"]}]},{"@type":"BreadcrumbList","@id":"https:\/\/www.qmet.com.tr\/en\/qsub-t-series\/#breadcrumb","itemListElement":[{"@type":"ListItem","position":1,"name":"Anasayfa","item":"https:\/\/www.qmet.com.tr\/en\/"},{"@type":"ListItem","position":2,"name":"QSUB T Series"}]},{"@type":"WebSite","@id":"https:\/\/www.qmet.com.tr\/en\/#website","url":"https:\/\/www.qmet.com.tr\/en\/","name":"QMET Smart Metering Technologies","description":"Welcome to Qmet.","potentialAction":[{"@type":"SearchAction","target":{"@type":"EntryPoint","urlTemplate":"https:\/\/www.qmet.com.tr\/en\/?s={search_term_string}"},"query-input":"required name=search_term_string"}],"inLanguage":"en-US"}]}},"_links":{"self":[{"href":"https:\/\/www.qmet.com.tr\/en\/wp-json\/wp\/v2\/pages\/10264"}],"collection":[{"href":"https:\/\/www.qmet.com.tr\/en\/wp-json\/wp\/v2\/pages"}],"about":[{"href":"https:\/\/www.qmet.com.tr\/en\/wp-json\/wp\/v2\/types\/page"}],"author":[{"embeddable":true,"href":"https:\/\/www.qmet.com.tr\/en\/wp-json\/wp\/v2\/users\/1"}],"replies":[{"embeddable":true,"href":"https:\/\/www.qmet.com.tr\/en\/wp-json\/wp\/v2\/comments?post=10264"}],"version-history":[{"count":1,"href":"https:\/\/www.qmet.com.tr\/en\/wp-json\/wp\/v2\/pages\/10264\/revisions"}],"predecessor-version":[{"id":11139,"href":"https:\/\/www.qmet.com.tr\/en\/wp-json\/wp\/v2\/pages\/10264\/revisions\/11139"}],"wp:attachment":[{"href":"https:\/\/www.qmet.com.tr\/en\/wp-json\/wp\/v2\/media?parent=10264"}],"curies":[{"name":"wp","href":"https:\/\/api.w.org\/{rel}","templated":true}]}}